{"id":1285,"date":"2022-10-31T11:21:20","date_gmt":"2022-10-31T11:21:20","guid":{"rendered":"https:\/\/thehoneyofsweden.jejjcop2.se\/?page_id=1285"},"modified":"2023-05-25T15:16:48","modified_gmt":"2023-05-25T13:16:48","slug":"unsere-imker-honungsgarden-pa-bjare-the-honey-of-sweden","status":"publish","type":"page","link":"https:\/\/thehoneyofsweden.jejjcop2.se\/de\/bienenhonig-direkt-vom-imker-kaufen-the-honey-of-sweden\/unsere-imker-honungsgarden-pa-bjare-the-honey-of-sweden\/","title":{"rendered":"Honungsg\u00e5rden p\u00e5 Bj\u00e4re"},"content":{"rendered":"<div class=\"gb-container gb-container-99e2e1a8 gb-container-dark-blue-container\"><div class=\"gb-inside-container\">\n<div class=\"gb-grid-wrapper gb-grid-wrapper-1e2502fb\">\n<div class=\"gb-grid-column gb-grid-column-5b46871e\"><div class=\"gb-container gb-container-5b46871e\"><div class=\"gb-inside-container\">\n<figure class=\"wp-block-image size-full is-resized\"><img loading=\"lazy\" decoding=\"async\" src=\"https:\/\/thehoneyofsweden.jejjcop2.se\/wp-content\/uploads\/monica-och-lars-honungsga\u030arden.jpg\" alt=\"\" class=\"wp-image-1465\" width=\"385\" height=\"513\" srcset=\"https:\/\/thehoneyofsweden.jejjcop2.se\/wp-content\/uploads\/monica-och-lars-honungsga\u030arden.jpg 600w, https:\/\/thehoneyofsweden.jejjcop2.se\/wp-content\/uploads\/monica-och-lars-honungsga\u030arden-225x300.jpg 225w\" sizes=\"auto, (max-width: 385px) 100vw, 385px\" \/><\/figure>\n<\/div><\/div><\/div>\n\n<div class=\"gb-grid-column gb-grid-column-6709a163\"><div class=\"gb-container gb-container-6709a163\"><div class=\"gb-inside-container\">\n<p class=\"gb-headline gb-headline-af7f01e4\"><span class=\"gb-icon\"><svg xml:space=\"preserve\" style=\"enable-background:new 0 0 512 512;\" viewbox=\"0 0 512 512\" y=\"0px\" x=\"0px\" xmlns:xlink=\"http:\/\/www.w3.org\/1999\/xlink\" xmlns=\"http:\/\/www.w3.org\/2000\/svg\" id=\"Layer_1\" version=\"1.1\"> <g> \t<g> \t\t<path d=\"M413.416,363.52l29.433-228.155c10.39-3.261,17.951-12.981,17.951-24.432c0-14.114-11.486-25.6-25.6-25.6h-38.458 \t\t\tc-23.843-15.964-48.097-35.611-76.12-61.67C304.442,8.627,280.89,0,255.998,0c-24.883,0-48.444,8.627-64.614,23.663 \t\t\tc-28.032,26.059-52.286,45.706-76.121,61.67H76.8c-14.114,0-25.6,11.486-25.6,25.6c0,11.449,7.558,21.167,17.946,24.43 \t\t\tL98.587,363.52c1.705,13.236,9.383,24.456,20.097,31.095c-26.138,28.874-41.886,67.146-41.886,108.851 \t\t\tc0,4.71,3.823,8.533,8.533,8.533h76.802h187.733h76.798c4.71,0,8.533-3.823,8.533-8.533c0-41.704-15.747-79.976-41.884-108.85 \t\t\tC404.027,387.978,411.706,376.758,413.416,363.52z M203.006,36.164c13.056-12.134,32.367-19.098,52.992-19.098 \t\t\ts39.945,6.963,53.001,19.098c20.966,19.49,39.919,35.524,58.206,49.169H144.792C163.079,71.689,182.031,55.654,203.006,36.164z \t\t\t M76.8,102.4h41.052h276.292H435.2c4.702,0,8.533,3.831,8.533,8.533c0,4.702-3.831,8.533-8.533,8.533h-97.787H174.58H76.802H76.8 \t\t\tc-4.702,0-8.533-3.831-8.533-8.533C68.267,106.231,72.098,102.4,76.8,102.4z M332.797,153.6v68.267 \t\t\tc0,31.426-18.984,58.493-46.083,70.369c-0.001,0-0.002,0-0.002,0.001c-19.516,8.533-41.907,8.533-61.423,0 \t\t\tc-0.006-0.003-0.013-0.004-0.019-0.007c-27.09-11.879-46.073-38.942-46.073-70.363v-10.06c0-0.015,0.003-0.029,0.003-0.044v-48.06 \t\t\tc0-0.015-0.003-0.029-0.003-0.044V153.6c0-5.76,0.648-11.486,1.911-17.067h149.786C332.157,142.114,332.797,147.84,332.797,153.6z \t\t\t M315.733,426.667H196.267v-25.6h119.467V426.667z M213.398,360.704c0.141,2.628,0.529,5.19,1.126,7.672 \t\t\tc0.044,0.182,0.081,0.367,0.127,0.548c0.103,0.406,0.222,0.805,0.337,1.206c0.076,0.266,0.146,0.534,0.227,0.798 \t\t\tc0.108,0.352,0.23,0.698,0.347,1.046c0.103,0.307,0.202,0.615,0.312,0.919c0.115,0.317,0.241,0.627,0.363,0.94 \t\t\tc0.128,0.328,0.252,0.656,0.387,0.98c0.122,0.292,0.254,0.579,0.383,0.868c0.15,0.336,0.297,0.674,0.455,1.006 \t\t\tc0.13,0.272,0.268,0.539,0.403,0.809c0.172,0.341,0.342,0.683,0.523,1.019c0.136,0.254,0.28,0.503,0.421,0.753 \t\t\tc0.193,0.343,0.386,0.685,0.588,1.022c0.143,0.239,0.293,0.473,0.441,0.709c0.213,0.34,0.427,0.678,0.649,1.012 \t\t\tc0.15,0.225,0.306,0.447,0.461,0.669c0.232,0.334,0.466,0.667,0.708,0.995c0.08,0.108,0.158,0.218,0.238,0.325H156.55 \t\t\tC173.217,372.513,192.471,364.401,213.398,360.704z M290.107,384c0.057-0.075,0.112-0.151,0.168-0.226 \t\t\tc0.316-0.425,0.622-0.858,0.922-1.295c0.084-0.122,0.169-0.243,0.252-0.366c0.299-0.445,0.587-0.898,0.869-1.355 \t\t\tc0.075-0.121,0.152-0.241,0.226-0.363c0.281-0.466,0.551-0.938,0.815-1.415c0.066-0.12,0.135-0.237,0.2-0.358 \t\t\tc0.263-0.487,0.515-0.982,0.759-1.481c0.056-0.115,0.116-0.228,0.171-0.343c0.245-0.51,0.477-1.028,0.702-1.549 \t\t\tc0.047-0.109,0.097-0.216,0.144-0.325c0.226-0.537,0.439-1.081,0.643-1.628c0.037-0.098,0.077-0.194,0.113-0.292 \t\t\tc0.208-0.569,0.401-1.146,0.585-1.726c0.025-0.08,0.054-0.158,0.079-0.239c0.191-0.615,0.367-1.236,0.53-1.862 \t\t\tc0.013-0.048,0.028-0.096,0.04-0.144c0.524-2.039,0.904-4.135,1.121-6.279c0.001-0.014,0.002-0.028,0.003-0.042 \t\t\tc0.067-0.665,0.12-1.334,0.156-2.007c20.927,3.696,40.182,11.809,56.85,23.296H290.107z M281.6,350.833 \t\t\tc0,0.011-0.002,0.021-0.002,0.032v7.535c0,7.857-3.562,14.897-9.153,19.597c-4.452,3.741-10.189,5.999-16.445,5.999 \t\t\tc-14.114,0-25.6-11.477-25.6-25.6v-46.211c8.14,2.31,16.727,3.548,25.597,3.548c8.873,0,17.462-1.238,25.603-3.549V350.833z \t\t\t M162.13,204.8c-9.411-0.002-17.063-7.655-17.063-17.066s7.653-17.065,17.063-17.066V204.8z M86.504,136.533h77.194 \t\t\tc-1.035,5.612-1.568,11.316-1.568,17.059C143.436,153.376,128,168.88,128,187.733c0,18.823,15.307,34.131,34.13,34.133v0 \t\t\tc0,36.403,20.834,68.034,51.203,83.597v37.939c-31.354,4.957-59.472,18.742-81.929,38.628 \t\t\tc-8.393-3.473-14.67-11.229-15.895-20.696L86.504,136.533z M136.389,400.776c1.612,0.185,3.245,0.291,4.9,0.291H179.2v26.841 \t\t\tc-14.736,4.042-25.6,17.547-25.6,33.549v33.476H94.112C96.234,458.373,111.89,425.24,136.389,400.776z M170.667,494.933v-33.476 \t\t\tc0-9.771,7.953-17.724,17.724-17.724H323.61c9.771,0,17.724,7.953,17.724,17.724v33.476H170.667z M417.884,494.933H358.4v-33.476 \t\t\tc0-16.002-10.864-29.507-25.6-33.549v-26.841h37.915c1.655,0,3.289-0.106,4.9-0.291 \t\t\tC400.113,425.24,415.767,458.373,417.884,494.933z M380.594,382.033c-22.456-19.886-50.574-33.672-81.928-38.63v-37.941 \t\t\tc30.368-15.564,51.197-47.194,51.197-83.596v0c0.001,0,0.002,0,0.003,0c18.825,0,34.133-15.309,34.133-34.133 \t\t\tc0-18.862-15.367-34.399-34.137-34.143c-0.001-5.742-0.533-11.446-1.568-17.057h77.205l-29.013,224.802 \t\t\tC395.267,370.804,388.989,378.561,380.594,382.033z M349.867,204.8v-34.133c9.412,0,17.067,7.654,17.067,17.067 \t\t\tS359.279,204.8,349.867,204.8z\"><\/path> \t<\/g> <\/g> <g> <\/g> <g> <\/g> <g> <\/g> <g> <\/g> <g> <\/g> <g> <\/g> <g> <\/g> <g> <\/g> <g> <\/g> <g> <\/g> <g> <\/g> <g> <\/g> <g> <\/g> <g> <\/g> <g> <\/g> <\/svg><\/span><span class=\"gb-headline-text\">Monica Larsson<\/span><\/p>\n\n<p class=\"gb-headline gb-headline-5168e12e\"><span class=\"gb-icon\"><svg xml:space=\"preserve\" style=\"enable-background:new 0 0 512 512;\" viewbox=\"0 0 512 512\" y=\"0px\" x=\"0px\" xmlns:xlink=\"http:\/\/www.w3.org\/1999\/xlink\" xmlns=\"http:\/\/www.w3.org\/2000\/svg\" id=\"Layer_1\" version=\"1.1\"> <g> \t<g> \t\t<path d=\"M413.416,363.52l29.433-228.155c10.39-3.261,17.951-12.981,17.951-24.432c0-14.114-11.486-25.6-25.6-25.6h-38.458 \t\t\tc-23.843-15.964-48.097-35.611-76.12-61.67C304.442,8.627,280.89,0,255.998,0c-24.883,0-48.444,8.627-64.614,23.663 \t\t\tc-28.032,26.059-52.286,45.706-76.121,61.67H76.8c-14.114,0-25.6,11.486-25.6,25.6c0,11.449,7.558,21.167,17.946,24.43 \t\t\tL98.587,363.52c1.705,13.236,9.383,24.456,20.097,31.095c-26.138,28.874-41.886,67.146-41.886,108.851 \t\t\tc0,4.71,3.823,8.533,8.533,8.533h76.802h187.733h76.798c4.71,0,8.533-3.823,8.533-8.533c0-41.704-15.747-79.976-41.884-108.85 \t\t\tC404.027,387.978,411.706,376.758,413.416,363.52z M203.006,36.164c13.056-12.134,32.367-19.098,52.992-19.098 \t\t\ts39.945,6.963,53.001,19.098c20.966,19.49,39.919,35.524,58.206,49.169H144.792C163.079,71.689,182.031,55.654,203.006,36.164z \t\t\t M76.8,102.4h41.052h276.292H435.2c4.702,0,8.533,3.831,8.533,8.533c0,4.702-3.831,8.533-8.533,8.533h-97.787H174.58H76.802H76.8 \t\t\tc-4.702,0-8.533-3.831-8.533-8.533C68.267,106.231,72.098,102.4,76.8,102.4z M332.797,153.6v68.267 \t\t\tc0,31.426-18.984,58.493-46.083,70.369c-0.001,0-0.002,0-0.002,0.001c-19.516,8.533-41.907,8.533-61.423,0 \t\t\tc-0.006-0.003-0.013-0.004-0.019-0.007c-27.09-11.879-46.073-38.942-46.073-70.363v-10.06c0-0.015,0.003-0.029,0.003-0.044v-48.06 \t\t\tc0-0.015-0.003-0.029-0.003-0.044V153.6c0-5.76,0.648-11.486,1.911-17.067h149.786C332.157,142.114,332.797,147.84,332.797,153.6z \t\t\t M315.733,426.667H196.267v-25.6h119.467V426.667z M213.398,360.704c0.141,2.628,0.529,5.19,1.126,7.672 \t\t\tc0.044,0.182,0.081,0.367,0.127,0.548c0.103,0.406,0.222,0.805,0.337,1.206c0.076,0.266,0.146,0.534,0.227,0.798 \t\t\tc0.108,0.352,0.23,0.698,0.347,1.046c0.103,0.307,0.202,0.615,0.312,0.919c0.115,0.317,0.241,0.627,0.363,0.94 \t\t\tc0.128,0.328,0.252,0.656,0.387,0.98c0.122,0.292,0.254,0.579,0.383,0.868c0.15,0.336,0.297,0.674,0.455,1.006 \t\t\tc0.13,0.272,0.268,0.539,0.403,0.809c0.172,0.341,0.342,0.683,0.523,1.019c0.136,0.254,0.28,0.503,0.421,0.753 \t\t\tc0.193,0.343,0.386,0.685,0.588,1.022c0.143,0.239,0.293,0.473,0.441,0.709c0.213,0.34,0.427,0.678,0.649,1.012 \t\t\tc0.15,0.225,0.306,0.447,0.461,0.669c0.232,0.334,0.466,0.667,0.708,0.995c0.08,0.108,0.158,0.218,0.238,0.325H156.55 \t\t\tC173.217,372.513,192.471,364.401,213.398,360.704z M290.107,384c0.057-0.075,0.112-0.151,0.168-0.226 \t\t\tc0.316-0.425,0.622-0.858,0.922-1.295c0.084-0.122,0.169-0.243,0.252-0.366c0.299-0.445,0.587-0.898,0.869-1.355 \t\t\tc0.075-0.121,0.152-0.241,0.226-0.363c0.281-0.466,0.551-0.938,0.815-1.415c0.066-0.12,0.135-0.237,0.2-0.358 \t\t\tc0.263-0.487,0.515-0.982,0.759-1.481c0.056-0.115,0.116-0.228,0.171-0.343c0.245-0.51,0.477-1.028,0.702-1.549 \t\t\tc0.047-0.109,0.097-0.216,0.144-0.325c0.226-0.537,0.439-1.081,0.643-1.628c0.037-0.098,0.077-0.194,0.113-0.292 \t\t\tc0.208-0.569,0.401-1.146,0.585-1.726c0.025-0.08,0.054-0.158,0.079-0.239c0.191-0.615,0.367-1.236,0.53-1.862 \t\t\tc0.013-0.048,0.028-0.096,0.04-0.144c0.524-2.039,0.904-4.135,1.121-6.279c0.001-0.014,0.002-0.028,0.003-0.042 \t\t\tc0.067-0.665,0.12-1.334,0.156-2.007c20.927,3.696,40.182,11.809,56.85,23.296H290.107z M281.6,350.833 \t\t\tc0,0.011-0.002,0.021-0.002,0.032v7.535c0,7.857-3.562,14.897-9.153,19.597c-4.452,3.741-10.189,5.999-16.445,5.999 \t\t\tc-14.114,0-25.6-11.477-25.6-25.6v-46.211c8.14,2.31,16.727,3.548,25.597,3.548c8.873,0,17.462-1.238,25.603-3.549V350.833z \t\t\t M162.13,204.8c-9.411-0.002-17.063-7.655-17.063-17.066s7.653-17.065,17.063-17.066V204.8z M86.504,136.533h77.194 \t\t\tc-1.035,5.612-1.568,11.316-1.568,17.059C143.436,153.376,128,168.88,128,187.733c0,18.823,15.307,34.131,34.13,34.133v0 \t\t\tc0,36.403,20.834,68.034,51.203,83.597v37.939c-31.354,4.957-59.472,18.742-81.929,38.628 \t\t\tc-8.393-3.473-14.67-11.229-15.895-20.696L86.504,136.533z M136.389,400.776c1.612,0.185,3.245,0.291,4.9,0.291H179.2v26.841 \t\t\tc-14.736,4.042-25.6,17.547-25.6,33.549v33.476H94.112C96.234,458.373,111.89,425.24,136.389,400.776z M170.667,494.933v-33.476 \t\t\tc0-9.771,7.953-17.724,17.724-17.724H323.61c9.771,0,17.724,7.953,17.724,17.724v33.476H170.667z M417.884,494.933H358.4v-33.476 \t\t\tc0-16.002-10.864-29.507-25.6-33.549v-26.841h37.915c1.655,0,3.289-0.106,4.9-0.291 \t\t\tC400.113,425.24,415.767,458.373,417.884,494.933z M380.594,382.033c-22.456-19.886-50.574-33.672-81.928-38.63v-37.941 \t\t\tc30.368-15.564,51.197-47.194,51.197-83.596v0c0.001,0,0.002,0,0.003,0c18.825,0,34.133-15.309,34.133-34.133 \t\t\tc0-18.862-15.367-34.399-34.137-34.143c-0.001-5.742-0.533-11.446-1.568-17.057h77.205l-29.013,224.802 \t\t\tC395.267,370.804,388.989,378.561,380.594,382.033z M349.867,204.8v-34.133c9.412,0,17.067,7.654,17.067,17.067 \t\t\tS359.279,204.8,349.867,204.8z\"><\/path> \t<\/g> <\/g> <g> <\/g> <g> <\/g> <g> <\/g> <g> <\/g> <g> <\/g> <g> <\/g> <g> <\/g> <g> <\/g> <g> <\/g> <g> <\/g> <g> <\/g> <g> <\/g> <g> <\/g> <g> <\/g> <g> <\/g> <\/svg><\/span><span class=\"gb-headline-text\">Lars Larsson<\/span><\/p>\n\n<p class=\"gb-headline gb-headline-78e7a8fa\"><span class=\"gb-icon\"><svg version=\"1.1\" id=\"Layer_1\" xmlns=\"http:\/\/www.w3.org\/2000\/svg\" xmlns:xlink=\"http:\/\/www.w3.org\/1999\/xlink\" x=\"0px\" y=\"0px\" viewbox=\"0 0 368.666 368.666\" style=\"enable-background:new 0 0 368.666 368.666;\" xml:space=\"preserve\"> <g id=\"XMLID_2_\"> \t<g> \t\t<g> \t\t\t<path d=\"M184.333,0C102.01,0,35.036,66.974,35.036,149.297c0,33.969,11.132,65.96,32.193,92.515 \t\t\t\tc27.27,34.383,106.572,116.021,109.934,119.479l7.169,7.375l7.17-7.374c3.364-3.46,82.69-85.116,109.964-119.51 \t\t\t\tc21.042-26.534,32.164-58.514,32.164-92.485C333.63,66.974,266.656,0,184.333,0z M285.795,229.355 \t\t\t\tc-21.956,27.687-80.92,89.278-101.462,110.581c-20.54-21.302-79.483-82.875-101.434-110.552 \t\t\t\tc-18.228-22.984-27.863-50.677-27.863-80.087C55.036,78.002,113.038,20,184.333,20c71.294,0,129.297,58.002,129.296,129.297 \t\t\t\tC313.629,178.709,304.004,206.393,285.795,229.355z\"><\/path> \t\t\t<path d=\"M184.333,59.265c-48.73,0-88.374,39.644-88.374,88.374c0,48.73,39.645,88.374,88.374,88.374s88.374-39.645,88.374-88.374 \t\t\t\tS233.063,59.265,184.333,59.265z M184.333,216.013c-37.702,0-68.374-30.673-68.374-68.374c0-37.702,30.673-68.374,68.374-68.374 \t\t\t\ts68.373,30.673,68.374,68.374C252.707,185.341,222.035,216.013,184.333,216.013z\"><\/path> \t\t<\/g> \t<\/g> <\/g> <g> <\/g> <g> <\/g> <g> <\/g> <g> <\/g> <g> <\/g> <g> <\/g> <g> <\/g> <g> <\/g> <g> <\/g> <g> <\/g> <g> <\/g> <g> <\/g> <g> <\/g> <g> <\/g> <g> <\/g> <\/svg><\/span><span class=\"gb-headline-text\">Sk\u00e5ne<\/span><\/p>\n\n<p>At the south hillside of the ridge Hallands\u00e5s in the west part of Sk\u00e5ne (Scania) the bee farm, Honungsg\u00e5rden p\u00e5 Bj\u00e4re is found. The bee farm is run by Monica Larsson and her husband Lars Larsson. The farm and the land have been in the family for 13 generations and the bees have been a business here for 10-15 years. Here we find a mix of woodlands on the ridge and an open landscape with large fields below.&nbsp;<\/p>\n\n<p>Sometimes the area is called the Swedish Provence and every year the first new potatoes of the season come from here. Not far away you will find the city of B\u00e5stad, where the tennis tournament Swedish Open is played every July. &nbsp;<\/p>\n\n<p>Besides honey production, Monica is a well-known queen bee breeder in Sweden. Monica has a degree in&nbsp;professional beekeeping and is one of our carefully selected beekeepers and partners.<\/p>\n<\/div><\/div><\/div>\n<\/div>\n<\/div><\/div>","protected":false},"excerpt":{"rendered":"","protected":false},"author":2,"featured_media":0,"parent":683,"menu_order":0,"comment_status":"closed","ping_status":"closed","template":"","meta":{"footnotes":""},"class_list":["post-1285","page","type-page","status-publish"],"acf":[],"yoast_head":"<!-- This site is optimized with the Yoast SEO plugin v24.5 - https:\/\/yoast.com\/wordpress\/plugins\/seo\/ -->\n<title>Honungsg\u00e5rden p\u00e5 Bj\u00e4re - The Honey Of Sweden<\/title>\n<meta name=\"description\" content=\"The Bj\u00e4re Honey Farm Bee Farm is a bee farm located in Scania, Sweden. It has been handed down for 13 generations and produces high-quality honey. We introduce the daily life of the bee farm run by Monica and her husband Lars, who have professional beekeeping degrees.\" \/>\n<meta name=\"robots\" content=\"noindex, follow, max-snippet:-1, max-image-preview:large, max-video-preview:-1\" \/>\n<meta property=\"og:locale\" content=\"de_DE\" \/>\n<meta property=\"og:type\" content=\"article\" \/>\n<meta property=\"og:title\" content=\"Honungsg\u00e5rden p\u00e5 Bj\u00e4re - The Honey Of Sweden\" \/>\n<meta property=\"og:description\" content=\"The Bj\u00e4re Honey Farm Bee Farm is a bee farm located in Scania, Sweden. It has been handed down for 13 generations and produces high-quality honey. We introduce the daily life of the bee farm run by Monica and her husband Lars, who have professional beekeeping degrees.\" \/>\n<meta property=\"og:url\" content=\"https:\/\/thehoneyofsweden.jejjcop2.se\/de\/bienenhonig-direkt-vom-imker-kaufen-the-honey-of-sweden\/unsere-imker-honungsgarden-pa-bjare-the-honey-of-sweden\/\" \/>\n<meta property=\"og:site_name\" content=\"The Honey Of Sweden\" \/>\n<meta property=\"article:modified_time\" content=\"2023-05-25T13:16:48+00:00\" \/>\n<meta name=\"twitter:card\" content=\"summary_large_image\" \/>\n<meta name=\"twitter:label1\" content=\"Gesch\u00e4tzte Lesezeit\" \/>\n\t<meta name=\"twitter:data1\" content=\"1\u00a0Minute\" \/>\n<script type=\"application\/ld+json\" class=\"yoast-schema-graph\">{\"@context\":\"https:\/\/schema.org\",\"@graph\":[{\"@type\":\"WebPage\",\"@id\":\"https:\/\/thehoneyofsweden.jejjcop2.se\/beekeepers%ef%bd%9c-the-honey-of-sweden\/honungsgarden-pa-bjare-beekeepers%ef%bd%9c-the-honey-of-sweden\/\",\"url\":\"https:\/\/thehoneyofsweden.jejjcop2.se\/beekeepers%ef%bd%9c-the-honey-of-sweden\/honungsgarden-pa-bjare-beekeepers%ef%bd%9c-the-honey-of-sweden\/\",\"name\":\"Honungsg\u00e5rden p\u00e5 Bj\u00e4re - The Honey Of Sweden\",\"isPartOf\":{\"@id\":\"https:\/\/thehoneyofsweden.jejjcop2.se\/#website\"},\"datePublished\":\"2022-10-31T11:21:20+00:00\",\"dateModified\":\"2023-05-25T13:16:48+00:00\",\"description\":\"The Bj\u00e4re Honey Farm Bee Farm is a bee farm located in Scania, Sweden. It has been handed down for 13 generations and produces high-quality honey. We introduce the daily life of the bee farm run by Monica and her husband Lars, who have professional beekeeping degrees.\",\"breadcrumb\":{\"@id\":\"https:\/\/thehoneyofsweden.jejjcop2.se\/beekeepers%ef%bd%9c-the-honey-of-sweden\/honungsgarden-pa-bjare-beekeepers%ef%bd%9c-the-honey-of-sweden\/#breadcrumb\"},\"inLanguage\":\"de\",\"potentialAction\":[{\"@type\":\"ReadAction\",\"target\":[\"https:\/\/thehoneyofsweden.jejjcop2.se\/beekeepers%ef%bd%9c-the-honey-of-sweden\/honungsgarden-pa-bjare-beekeepers%ef%bd%9c-the-honey-of-sweden\/\"]}]},{\"@type\":\"BreadcrumbList\",\"@id\":\"https:\/\/thehoneyofsweden.jejjcop2.se\/beekeepers%ef%bd%9c-the-honey-of-sweden\/honungsgarden-pa-bjare-beekeepers%ef%bd%9c-the-honey-of-sweden\/#breadcrumb\",\"itemListElement\":[{\"@type\":\"ListItem\",\"position\":1,\"name\":\"Home\",\"item\":\"https:\/\/thehoneyofsweden.jejjcop2.se\/\"},{\"@type\":\"ListItem\",\"position\":2,\"name\":\"Beekeepers\",\"item\":\"https:\/\/thehoneyofsweden.jejjcop2.se\/beekeepers%ef%bd%9c-the-honey-of-sweden\/\"},{\"@type\":\"ListItem\",\"position\":3,\"name\":\"Honungsg\u00e5rden p\u00e5 Bj\u00e4re\"}]},{\"@type\":\"WebSite\",\"@id\":\"https:\/\/thehoneyofsweden.jejjcop2.se\/#website\",\"url\":\"https:\/\/thehoneyofsweden.jejjcop2.se\/\",\"name\":\"The Honey Of Sweden\",\"description\":\"Finest Quality Honey\",\"publisher\":{\"@id\":\"https:\/\/thehoneyofsweden.jejjcop2.se\/#organization\"},\"potentialAction\":[{\"@type\":\"SearchAction\",\"target\":{\"@type\":\"EntryPoint\",\"urlTemplate\":\"https:\/\/thehoneyofsweden.jejjcop2.se\/?s={search_term_string}\"},\"query-input\":{\"@type\":\"PropertyValueSpecification\",\"valueRequired\":true,\"valueName\":\"search_term_string\"}}],\"inLanguage\":\"de\"},{\"@type\":\"Organization\",\"@id\":\"https:\/\/thehoneyofsweden.jejjcop2.se\/#organization\",\"name\":\"The Honey Of Sweden\",\"url\":\"https:\/\/thehoneyofsweden.jejjcop2.se\/\",\"logo\":{\"@type\":\"ImageObject\",\"inLanguage\":\"de\",\"@id\":\"https:\/\/thehoneyofsweden.jejjcop2.se\/#\/schema\/logo\/image\/\",\"url\":\"https:\/\/thehoneyofsweden.jejjcop2.se\/wp-content\/uploads\/the-honey-of-sweden-logo-centered.png\",\"contentUrl\":\"https:\/\/thehoneyofsweden.jejjcop2.se\/wp-content\/uploads\/the-honey-of-sweden-logo-centered.png\",\"width\":950,\"height\":624,\"caption\":\"The Honey Of Sweden\"},\"image\":{\"@id\":\"https:\/\/thehoneyofsweden.jejjcop2.se\/#\/schema\/logo\/image\/\"},\"sameAs\":[\"https:\/\/www.instagram.com\/thehoneyofsweden\/\"]}]}<\/script>\n<!-- \/ Yoast SEO plugin. -->","yoast_head_json":{"title":"Unsere Imker: Honungsg\u00e5rden p\u00e5 Bj\u00e4re  | The Honey Of Sweden","description":"Entdecken Sie die Welt von Honungsg\u00e5rden auf Bj\u00e4re! Erfahren Sie mehr \u00fcber unsere Imker und probieren Sie den k\u00f6stlichen Honig aus eigener Herstellung.","robots":{"index":"noindex","follow":"follow","max-snippet":"max-snippet:-1","max-image-preview":"max-image-preview:large","max-video-preview":"max-video-preview:-1"},"og_locale":"de_DE","og_type":"article","og_title":"Honungsg\u00e5rden p\u00e5 Bj\u00e4re - The Honey Of Sweden","og_description":"The Bj\u00e4re Honey Farm Bee Farm is a bee farm located in Scania, Sweden. It has been handed down for 13 generations and produces high-quality honey. We introduce the daily life of the bee farm run by Monica and her husband Lars, who have professional beekeeping degrees.","og_url":"https:\/\/thehoneyofsweden.jejjcop2.se\/de\/bienenhonig-direkt-vom-imker-kaufen-the-honey-of-sweden\/unsere-imker-honungsgarden-pa-bjare-the-honey-of-sweden\/","og_site_name":"The Honey Of Sweden","article_modified_time":"2023-05-25T13:16:48+00:00","twitter_card":"summary_large_image","twitter_misc":{"Gesch\u00e4tzte Lesezeit":"1\u00a0Minute"},"schema":{"@context":"https:\/\/schema.org","@graph":[{"@type":"WebPage","@id":"https:\/\/thehoneyofsweden.jejjcop2.se\/beekeepers%ef%bd%9c-the-honey-of-sweden\/honungsgarden-pa-bjare-beekeepers%ef%bd%9c-the-honey-of-sweden\/","url":"https:\/\/thehoneyofsweden.jejjcop2.se\/beekeepers%ef%bd%9c-the-honey-of-sweden\/honungsgarden-pa-bjare-beekeepers%ef%bd%9c-the-honey-of-sweden\/","name":"Unsere Imker: Honungsg\u00e5rden p\u00e5 Bj\u00e4re  | The Honey Of Sweden","isPartOf":{"@id":"https:\/\/thehoneyofsweden.jejjcop2.se\/#website"},"datePublished":"2022-10-31T11:21:20+00:00","dateModified":"2023-05-25T13:16:48+00:00","description":"Entdecken Sie die Welt von Honungsg\u00e5rden auf Bj\u00e4re! Erfahren Sie mehr \u00fcber unsere Imker und probieren Sie den k\u00f6stlichen Honig aus eigener Herstellung.","breadcrumb":{"@id":"https:\/\/thehoneyofsweden.jejjcop2.se\/beekeepers%ef%bd%9c-the-honey-of-sweden\/honungsgarden-pa-bjare-beekeepers%ef%bd%9c-the-honey-of-sweden\/#breadcrumb"},"inLanguage":"de","potentialAction":[{"@type":"ReadAction","target":["https:\/\/thehoneyofsweden.jejjcop2.se\/beekeepers%ef%bd%9c-the-honey-of-sweden\/honungsgarden-pa-bjare-beekeepers%ef%bd%9c-the-honey-of-sweden\/"]}]},{"@type":"BreadcrumbList","@id":"https:\/\/thehoneyofsweden.jejjcop2.se\/beekeepers%ef%bd%9c-the-honey-of-sweden\/honungsgarden-pa-bjare-beekeepers%ef%bd%9c-the-honey-of-sweden\/#breadcrumb","itemListElement":[{"@type":"ListItem","position":1,"name":"Home","item":"https:\/\/thehoneyofsweden.jejjcop2.se\/"},{"@type":"ListItem","position":2,"name":"Beekeepers","item":"https:\/\/thehoneyofsweden.jejjcop2.se\/beekeepers%ef%bd%9c-the-honey-of-sweden\/"},{"@type":"ListItem","position":3,"name":"Honungsg\u00e5rden p\u00e5 Bj\u00e4re"}]},{"@type":"WebSite","@id":"https:\/\/thehoneyofsweden.jejjcop2.se\/#website","url":"https:\/\/thehoneyofsweden.jejjcop2.se\/","name":"Imkerhonig online kaufen - Bio Honig -  | The Honey Of Sweden","description":"Finest Quality Honey","publisher":{"@id":"https:\/\/thehoneyofsweden.jejjcop2.se\/#organization"},"potentialAction":[{"@type":"SearchAction","target":{"@type":"EntryPoint","urlTemplate":"https:\/\/thehoneyofsweden.jejjcop2.se\/?s={search_term_string}"},"query-input":{"@type":"PropertyValueSpecification","valueRequired":true,"valueName":"search_term_string"}}],"inLanguage":"de"},{"@type":"Organization","@id":"https:\/\/thehoneyofsweden.jejjcop2.se\/#organization","name":"Imkerhonig online kaufen - Bio Honig -  | The Honey Of Sweden","url":"https:\/\/thehoneyofsweden.jejjcop2.se\/","logo":{"@type":"ImageObject","inLanguage":"de","@id":"https:\/\/thehoneyofsweden.jejjcop2.se\/#\/schema\/logo\/image\/","url":"https:\/\/thehoneyofsweden.jejjcop2.se\/wp-content\/uploads\/the-honey-of-sweden-logo-centered.png","contentUrl":"https:\/\/thehoneyofsweden.jejjcop2.se\/wp-content\/uploads\/the-honey-of-sweden-logo-centered.png","width":950,"height":624,"caption":"The Honey Of Sweden"},"image":{"@id":"https:\/\/thehoneyofsweden.jejjcop2.se\/#\/schema\/logo\/image\/"},"sameAs":["https:\/\/www.instagram.com\/thehoneyofsweden\/"]}]}},"_links":{"self":[{"href":"https:\/\/thehoneyofsweden.jejjcop2.se\/de\/wp-json\/wp\/v2\/pages\/1285","targetHints":{"allow":["GET"]}}],"collection":[{"href":"https:\/\/thehoneyofsweden.jejjcop2.se\/de\/wp-json\/wp\/v2\/pages"}],"about":[{"href":"https:\/\/thehoneyofsweden.jejjcop2.se\/de\/wp-json\/wp\/v2\/types\/page"}],"author":[{"embeddable":true,"href":"https:\/\/thehoneyofsweden.jejjcop2.se\/de\/wp-json\/wp\/v2\/users\/2"}],"replies":[{"embeddable":true,"href":"https:\/\/thehoneyofsweden.jejjcop2.se\/de\/wp-json\/wp\/v2\/comments?post=1285"}],"version-history":[{"count":39,"href":"https:\/\/thehoneyofsweden.jejjcop2.se\/de\/wp-json\/wp\/v2\/pages\/1285\/revisions"}],"predecessor-version":[{"id":2013,"href":"https:\/\/thehoneyofsweden.jejjcop2.se\/de\/wp-json\/wp\/v2\/pages\/1285\/revisions\/2013"}],"up":[{"embeddable":true,"href":"https:\/\/thehoneyofsweden.jejjcop2.se\/de\/wp-json\/wp\/v2\/pages\/683"}],"wp:attachment":[{"href":"https:\/\/thehoneyofsweden.jejjcop2.se\/de\/wp-json\/wp\/v2\/media?parent=1285"}],"curies":[{"name":"wp","href":"https:\/\/api.w.org\/{rel}","templated":true}]}}