{"id":1370,"date":"2022-10-31T11:56:42","date_gmt":"2022-10-31T11:56:42","guid":{"rendered":"https:\/\/thehoneyofsweden.jejjcop2.se\/?page_id=1370"},"modified":"2023-05-25T15:08:26","modified_gmt":"2023-05-25T13:08:26","slug":"interessante-fakten-uber-bienen-und-honig-honey-of-sweden","status":"publish","type":"page","link":"https:\/\/thehoneyofsweden.jejjcop2.se\/de\/interessante-fakten-uber-bienen-und-honig-honey-of-sweden\/","title":{"rendered":"Fakten \u00fcber Honig"},"content":{"rendered":"<div class=\"gb-container gb-container-babbaf68 gb-container-dark-blue-container\"><div class=\"gb-inside-container\">\n<h2 class=\"gb-headline gb-headline-48d78289 gb-headline-text\">Weitere Informationen \u00fcber Honig.<\/h2>\n\n<p class=\"gb-headline gb-headline-a340961d gb-headline-text\">Vertiefen Sie Ihr Wissen<\/p>\n\n<div class=\"gb-container gb-container-83b78b27 gb-container-dark-blue-container\"><div class=\"gb-inside-container\">\n<h3 class=\"gb-headline gb-headline-a7e4a7ad gb-headline-text\">Direkt aus dem Bienenstock<\/h3>\n\n<p>Honig ist ein nat\u00fcrliches Produkt, das direkt aus dem Bienenstock gegessen werden kann. Honig ist eine s\u00fc\u00dfe Substanz, von Honigbienen hergestellt aus dem Nektar, den sie aus verschiedenen Blumen gesammelt haben. Sie vermischen ihn mit k\u00f6rpereigenen Enzymen, entfeuchten den Nektar und lagern den Honig in den Waben der Bienenst\u00f6cke. Schlie\u00dflich decken sie ihn mit einer d\u00fcnnen Lage sch\u00fctzenden Bienenwachses ab.<\/p>\n\n<div class=\"gb-container gb-container-d0c4a21a\"><div class=\"gb-inside-container\">\n<h3 class=\"gb-headline gb-headline-9be6b31e gb-headline-text\">Zucker in Honig<\/h3>\n<\/div><\/div>\n\n<p>Honig enth\u00e4lt verschiedene Zuckerarten. Diese sind Dextrose und Fruktose, welche vom K\u00f6rper absorbiert und direkt in Energie umgewandelt werden kann. Die Relation zwischen Dextrose und Fruktose h\u00e4ngt von der Konsistenz des Honigs ab, also davon, ob er fl\u00fcssig bleibt oder mit der Zeit kristallisiert. Dies ist ein ganz nat\u00fcrlicher Prozess, den die Natur bestimmt.<\/p>\n\n<p>Honig findet bei den Menschen bereits seit Jahrtausenden gro\u00dfen Anklang. Er ist antibakteriell und wird deshalb seit Ewigkeiten als Mittel gegen Erk\u00e4ltung angewendet. Honig enth\u00e4lt etwa 75% Zucker, Wasser und einen Anteil von etwa 5% an Enzymen, Mineralien und Vitaminen. Es ist wichtig, Honig schonend zu behandeln und Erhitzen zu vermeiden, um die Inhaltsstoffe zu bewahren. Die nat\u00fcrliche Temperatur in einem Bienenstock betr\u00e4gt 32\u00b0C \u2013 36\u00b0C. H\u00f6heren Temperaturen sollte Honig nicht ausgesetzt werden.<\/p>\n\n<h3 class=\"gb-headline gb-headline-b5bb9939 gb-headline-text\">Echter Honig<\/h3>\n\n<p>Damit Honig die Bezeichnung \u2018Honig\u2019 tragen darf, muss dieser von Honigbienen hergestellt sein und darf ausschlie\u00dflich aus dem von ihnen gesammelten Nektar bestehen. <strong>Nichts anderes.<\/strong> If the bees are fed with sugar which they store in the beehive, it is not honey. If something is added to the honey like a flavoring agent or anything that is used to try to \u201cimprove\u201d the product, it is no longer honey. So, what is it then?<\/p>\n\n<p>Nun, es ist etwas anderes. \u201cEin Honig und Geschmacksverst\u00e4rker-Mix\u201d. Das mag ein wenig dramatisiert semantisch klingen, ist aber f\u00fcr Konsumenten wichtig. Sie m\u00fcssen wissen, was sie kaufen und konsumieren. Die Europ\u00e4ische Union (EU) hat hier klare Richtlinien.<\/p>\n\n<p>Besteht ein Honig zu mehr als 50% aus Nektar einer bestimmten Pflanze, darf der Honig mit dem Namen dieser Pflanze bezeichnet werden. Als Beispiele sind hier Himbeer-Honig, Linden-Honig oder Raps-Honig zu nennen. Das bedeutet aber nicht, dass zum Beispiel Himbeer-Honig nach Himbeeren schmeckt. Er schmeckt vielmehr nach Himbeerbl\u00fcten und weist dar\u00fcber hinaus noch viele weitere Geschmacksrichtungen auf. Wie bereits weiter oben erw\u00e4hnt: W\u00fcrde man dem Honig Himbeer-Aroma zuf\u00fchren, w\u00fcrde er zwar nach Himbeere schmecken, d\u00fcrfte aber nicht mehr \u2018Honig\u2019 hei\u00dfen.<br><\/p>\n<\/div><\/div>\n<\/div><\/div><div class=\"gb-container gb-container-193f7a2b\"><div class=\"gb-inside-container\">\n<div style=\"padding:56.25% 0 0 0;position:relative;\"><iframe src=\"https:\/\/player.vimeo.com\/video\/794420992?h=8a0f31f26b&amp;badge=0&amp;autopause=0&amp;player_id=0&amp;app_id=58479\" frameborder=\"0\" allow=\"autoplay; fullscreen; picture-in-picture\" allowfullscreen=\"\" style=\"position:absolute;top:0;left:0;width:100%;height:100%;\" title=\"honey tasting\"><\/iframe><\/div><script src=\"https:\/\/player.vimeo.com\/api\/player.js\"><\/script>\n<\/div><\/div>","protected":false},"excerpt":{"rendered":"<p>Learn more about honey. Deepen your knowledge Straight from the beehive Honey is a natural product ready to eat straight from the beehive. It is a sweet substance made by honeybees from the nectar the honeybees collect from different flowers. They store the nectar in the honeycombs in the beehive, mix it with their own &#8230; <a title=\"Fakten \u00fcber Honig\" class=\"read-more\" href=\"https:\/\/thehoneyofsweden.jejjcop2.se\/de\/interessante-fakten-uber-bienen-und-honig-honey-of-sweden\/\" aria-label=\"Mehr Informationen \u00fcber Honey facts\">Weiterlesen<\/a><\/p>","protected":false},"author":2,"featured_media":0,"parent":0,"menu_order":0,"comment_status":"closed","ping_status":"closed","template":"","meta":{"footnotes":""},"class_list":["post-1370","page","type-page","status-publish"],"acf":[],"yoast_head":"<!-- This site is optimized with the Yoast SEO plugin v24.5 - https:\/\/yoast.com\/wordpress\/plugins\/seo\/ -->\n<title>Honey facts - The Honey Of Sweden<\/title>\n<meta name=\"description\" content=\"Honey is a natural sweet substance that can be eaten as it is by extracting it from the beehive, and it is made from the nectar that bees collect from various flowers. Let&#039;s explore the amazing world of honey, including the extraction of honey from the beehive, the nature of the sugar content, and what real honey is?\" \/>\n<meta name=\"robots\" content=\"noindex, follow, max-snippet:-1, max-image-preview:large, max-video-preview:-1\" \/>\n<meta property=\"og:locale\" content=\"de_DE\" \/>\n<meta property=\"og:type\" content=\"article\" \/>\n<meta property=\"og:title\" content=\"Honey facts - The Honey Of Sweden\" \/>\n<meta property=\"og:description\" content=\"Honey is a natural sweet substance that can be eaten as it is by extracting it from the beehive, and it is made from the nectar that bees collect from various flowers. Let&#039;s explore the amazing world of honey, including the extraction of honey from the beehive, the nature of the sugar content, and what real honey is?\" \/>\n<meta property=\"og:url\" content=\"https:\/\/thehoneyofsweden.jejjcop2.se\/de\/interessante-fakten-uber-bienen-und-honig-honey-of-sweden\/\" \/>\n<meta property=\"og:site_name\" content=\"The Honey Of Sweden\" \/>\n<meta property=\"article:modified_time\" content=\"2023-05-25T13:08:26+00:00\" \/>\n<meta name=\"twitter:card\" content=\"summary_large_image\" \/>\n<meta name=\"twitter:label1\" content=\"Gesch\u00e4tzte Lesezeit\" \/>\n\t<meta name=\"twitter:data1\" content=\"2\u00a0Minuten\" \/>\n<script type=\"application\/ld+json\" class=\"yoast-schema-graph\">{\"@context\":\"https:\/\/schema.org\",\"@graph\":[{\"@type\":\"WebPage\",\"@id\":\"https:\/\/thehoneyofsweden.jejjcop2.se\/honey-facts%ef%bd%9cthe-honey-of-sweden\/\",\"url\":\"https:\/\/thehoneyofsweden.jejjcop2.se\/honey-facts%ef%bd%9cthe-honey-of-sweden\/\",\"name\":\"Honey facts - The Honey Of Sweden\",\"isPartOf\":{\"@id\":\"https:\/\/thehoneyofsweden.jejjcop2.se\/#website\"},\"datePublished\":\"2022-10-31T11:56:42+00:00\",\"dateModified\":\"2023-05-25T13:08:26+00:00\",\"description\":\"Honey is a natural sweet substance that can be eaten as it is by extracting it from the beehive, and it is made from the nectar that bees collect from various flowers. Let's explore the amazing world of honey, including the extraction of honey from the beehive, the nature of the sugar content, and what real honey is?\",\"breadcrumb\":{\"@id\":\"https:\/\/thehoneyofsweden.jejjcop2.se\/honey-facts%ef%bd%9cthe-honey-of-sweden\/#breadcrumb\"},\"inLanguage\":\"de\",\"potentialAction\":[{\"@type\":\"ReadAction\",\"target\":[\"https:\/\/thehoneyofsweden.jejjcop2.se\/honey-facts%ef%bd%9cthe-honey-of-sweden\/\"]}]},{\"@type\":\"BreadcrumbList\",\"@id\":\"https:\/\/thehoneyofsweden.jejjcop2.se\/honey-facts%ef%bd%9cthe-honey-of-sweden\/#breadcrumb\",\"itemListElement\":[{\"@type\":\"ListItem\",\"position\":1,\"name\":\"Home\",\"item\":\"https:\/\/thehoneyofsweden.jejjcop2.se\/\"},{\"@type\":\"ListItem\",\"position\":2,\"name\":\"Honey facts\"}]},{\"@type\":\"WebSite\",\"@id\":\"https:\/\/thehoneyofsweden.jejjcop2.se\/#website\",\"url\":\"https:\/\/thehoneyofsweden.jejjcop2.se\/\",\"name\":\"The Honey Of Sweden\",\"description\":\"Finest Quality Honey\",\"publisher\":{\"@id\":\"https:\/\/thehoneyofsweden.jejjcop2.se\/#organization\"},\"potentialAction\":[{\"@type\":\"SearchAction\",\"target\":{\"@type\":\"EntryPoint\",\"urlTemplate\":\"https:\/\/thehoneyofsweden.jejjcop2.se\/?s={search_term_string}\"},\"query-input\":{\"@type\":\"PropertyValueSpecification\",\"valueRequired\":true,\"valueName\":\"search_term_string\"}}],\"inLanguage\":\"de\"},{\"@type\":\"Organization\",\"@id\":\"https:\/\/thehoneyofsweden.jejjcop2.se\/#organization\",\"name\":\"The Honey Of Sweden\",\"url\":\"https:\/\/thehoneyofsweden.jejjcop2.se\/\",\"logo\":{\"@type\":\"ImageObject\",\"inLanguage\":\"de\",\"@id\":\"https:\/\/thehoneyofsweden.jejjcop2.se\/#\/schema\/logo\/image\/\",\"url\":\"https:\/\/thehoneyofsweden.jejjcop2.se\/wp-content\/uploads\/the-honey-of-sweden-logo-centered.png\",\"contentUrl\":\"https:\/\/thehoneyofsweden.jejjcop2.se\/wp-content\/uploads\/the-honey-of-sweden-logo-centered.png\",\"width\":950,\"height\":624,\"caption\":\"The Honey Of Sweden\"},\"image\":{\"@id\":\"https:\/\/thehoneyofsweden.jejjcop2.se\/#\/schema\/logo\/image\/\"},\"sameAs\":[\"https:\/\/www.instagram.com\/thehoneyofsweden\/\"]}]}<\/script>\n<!-- \/ Yoast SEO plugin. -->","yoast_head_json":{"title":"Interessante Fakten \u00fcber Bienen und Honig | Honey Of Sweden","description":"Honey is a natural sweet substance that can be eaten as it is by extracting it from the beehive, and it is made from the nectar that bees collect from various flowers. Let's explore the amazing world of honey, including the extraction of honey from the beehive, the nature of the sugar content, and what real honey is?","robots":{"index":"noindex","follow":"follow","max-snippet":"max-snippet:-1","max-image-preview":"max-image-preview:large","max-video-preview":"max-video-preview:-1"},"og_locale":"de_DE","og_type":"article","og_title":"Honey facts - The Honey Of Sweden","og_description":"Honey is a natural sweet substance that can be eaten as it is by extracting it from the beehive, and it is made from the nectar that bees collect from various flowers. Let's explore the amazing world of honey, including the extraction of honey from the beehive, the nature of the sugar content, and what real honey is?","og_url":"https:\/\/thehoneyofsweden.jejjcop2.se\/de\/interessante-fakten-uber-bienen-und-honig-honey-of-sweden\/","og_site_name":"The Honey Of Sweden","article_modified_time":"2023-05-25T13:08:26+00:00","twitter_card":"summary_large_image","twitter_misc":{"Gesch\u00e4tzte Lesezeit":"2\u00a0Minuten"},"schema":{"@context":"https:\/\/schema.org","@graph":[{"@type":"WebPage","@id":"https:\/\/thehoneyofsweden.jejjcop2.se\/honey-facts%ef%bd%9cthe-honey-of-sweden\/","url":"https:\/\/thehoneyofsweden.jejjcop2.se\/honey-facts%ef%bd%9cthe-honey-of-sweden\/","name":"Interessante Fakten \u00fcber Bienen und Honig | Honey Of Sweden","isPartOf":{"@id":"https:\/\/thehoneyofsweden.jejjcop2.se\/#website"},"datePublished":"2022-10-31T11:56:42+00:00","dateModified":"2023-05-25T13:08:26+00:00","description":"Honey is a natural sweet substance that can be eaten as it is by extracting it from the beehive, and it is made from the nectar that bees collect from various flowers. Let's explore the amazing world of honey, including the extraction of honey from the beehive, the nature of the sugar content, and what real honey is?","breadcrumb":{"@id":"https:\/\/thehoneyofsweden.jejjcop2.se\/honey-facts%ef%bd%9cthe-honey-of-sweden\/#breadcrumb"},"inLanguage":"de","potentialAction":[{"@type":"ReadAction","target":["https:\/\/thehoneyofsweden.jejjcop2.se\/honey-facts%ef%bd%9cthe-honey-of-sweden\/"]}]},{"@type":"BreadcrumbList","@id":"https:\/\/thehoneyofsweden.jejjcop2.se\/honey-facts%ef%bd%9cthe-honey-of-sweden\/#breadcrumb","itemListElement":[{"@type":"ListItem","position":1,"name":"Home","item":"https:\/\/thehoneyofsweden.jejjcop2.se\/"},{"@type":"ListItem","position":2,"name":"Honey facts"}]},{"@type":"WebSite","@id":"https:\/\/thehoneyofsweden.jejjcop2.se\/#website","url":"https:\/\/thehoneyofsweden.jejjcop2.se\/","name":"Imkerhonig online kaufen - Bio Honig -  | The Honey Of Sweden","description":"Finest Quality Honey","publisher":{"@id":"https:\/\/thehoneyofsweden.jejjcop2.se\/#organization"},"potentialAction":[{"@type":"SearchAction","target":{"@type":"EntryPoint","urlTemplate":"https:\/\/thehoneyofsweden.jejjcop2.se\/?s={search_term_string}"},"query-input":{"@type":"PropertyValueSpecification","valueRequired":true,"valueName":"search_term_string"}}],"inLanguage":"de"},{"@type":"Organization","@id":"https:\/\/thehoneyofsweden.jejjcop2.se\/#organization","name":"Imkerhonig online kaufen - Bio Honig -  | The Honey Of Sweden","url":"https:\/\/thehoneyofsweden.jejjcop2.se\/","logo":{"@type":"ImageObject","inLanguage":"de","@id":"https:\/\/thehoneyofsweden.jejjcop2.se\/#\/schema\/logo\/image\/","url":"https:\/\/thehoneyofsweden.jejjcop2.se\/wp-content\/uploads\/the-honey-of-sweden-logo-centered.png","contentUrl":"https:\/\/thehoneyofsweden.jejjcop2.se\/wp-content\/uploads\/the-honey-of-sweden-logo-centered.png","width":950,"height":624,"caption":"The Honey Of Sweden"},"image":{"@id":"https:\/\/thehoneyofsweden.jejjcop2.se\/#\/schema\/logo\/image\/"},"sameAs":["https:\/\/www.instagram.com\/thehoneyofsweden\/"]}]}},"_links":{"self":[{"href":"https:\/\/thehoneyofsweden.jejjcop2.se\/de\/wp-json\/wp\/v2\/pages\/1370","targetHints":{"allow":["GET"]}}],"collection":[{"href":"https:\/\/thehoneyofsweden.jejjcop2.se\/de\/wp-json\/wp\/v2\/pages"}],"about":[{"href":"https:\/\/thehoneyofsweden.jejjcop2.se\/de\/wp-json\/wp\/v2\/types\/page"}],"author":[{"embeddable":true,"href":"https:\/\/thehoneyofsweden.jejjcop2.se\/de\/wp-json\/wp\/v2\/users\/2"}],"replies":[{"embeddable":true,"href":"https:\/\/thehoneyofsweden.jejjcop2.se\/de\/wp-json\/wp\/v2\/comments?post=1370"}],"version-history":[{"count":32,"href":"https:\/\/thehoneyofsweden.jejjcop2.se\/de\/wp-json\/wp\/v2\/pages\/1370\/revisions"}],"predecessor-version":[{"id":2005,"href":"https:\/\/thehoneyofsweden.jejjcop2.se\/de\/wp-json\/wp\/v2\/pages\/1370\/revisions\/2005"}],"wp:attachment":[{"href":"https:\/\/thehoneyofsweden.jejjcop2.se\/de\/wp-json\/wp\/v2\/media?parent=1370"}],"curies":[{"name":"wp","href":"https:\/\/api.w.org\/{rel}","templated":true}]}}