{"id":360,"date":"2022-08-29T10:34:36","date_gmt":"2022-08-29T10:34:36","guid":{"rendered":"https:\/\/thehoneyofsweden.jejjcop2.se\/?page_id=360"},"modified":"2023-06-16T16:09:08","modified_gmt":"2023-06-16T14:09:08","slug":"lindenblutenhonig-heidehonig-und-mehr-the-honey-of-sweden","status":"publish","type":"page","link":"https:\/\/thehoneyofsweden.jejjcop2.se\/de\/lindenblutenhonig-heidehonig-und-mehr-the-honey-of-sweden\/","title":{"rendered":"Produkte"},"content":{"rendered":"<div class=\"gb-container gb-container-c8b3998d gb-container-dark-blue-container\"><div class=\"gb-inside-container\">\n<p class=\"gb-headline gb-headline-67ebd770 gb-headline-text\">Der Geschmack eines Honigs ist der Geschmack seiner Umgebung<\/p>\n\n<h2 class=\"gb-headline gb-headline-94ec58c2 gb-headline-text\">Purer schwedischer Premium-Honig<\/h2>\n\n<p>Unser Honig ist ein komplett nat\u00fcrliches Produkt, direkt essfertig aus der Natur. Keine Verarbeitung, nur sorgsam extrahierter Honig, nat\u00fcrlich gereift, wie die Bienen es wollen und es seit Jahrtausenden machen.<\/p>\n\n<p>We wait for the bees to finish their job before extracting, not taking any shortcuts. This takes some extra time but it\u00b4s worth it. Some people call it slow honey. Let nature take the time it needs. The gentle treatment assures the different aromas from different types of nectar, giving you a diverse tasting experience.<\/p>\n\n<p>Nature and bees are close to our hearts. Clean air, water, and soil provide high-quality clean food \u2013 a pure natural treasure of the highest quality available.<\/p>\n<\/div><\/div><div class=\"gb-container gb-container-c2c37a72 gb-container-dark-blue-container\"><div class=\"gb-inside-container\">\n<div class=\"woocommerce columns-3\"><ul class=\"products columns-3\">\n<li class=\"sales-flash-overlay woocommerce-text-align-center woocommerce-image-align-center do-quantity-buttons product type-product post-2143 status-publish first instock product_cat-uncategorized taxable shipping-taxable purchasable product-type-simple\">\n\t<a href=\"https:\/\/thehoneyofsweden.jejjcop2.se\/de\/produkt\/pers-testprodukt\/\" class=\"woocommerce-LoopProduct-link woocommerce-loop-product__link\"><img loading=\"lazy\" decoding=\"async\" width=\"300\" height=\"300\" src=\"https:\/\/thehoneyofsweden.jejjcop2.se\/wp-content\/uploads\/woocommerce-placeholder-300x300.png\" class=\"woocommerce-placeholder wp-post-image\" alt=\"Platzhalter\" srcset=\"https:\/\/thehoneyofsweden.jejjcop2.se\/wp-content\/uploads\/woocommerce-placeholder-300x300.png 300w, https:\/\/thehoneyofsweden.jejjcop2.se\/wp-content\/uploads\/woocommerce-placeholder-100x100.png 100w, https:\/\/thehoneyofsweden.jejjcop2.se\/wp-content\/uploads\/woocommerce-placeholder-600x600.png 600w, https:\/\/thehoneyofsweden.jejjcop2.se\/wp-content\/uploads\/woocommerce-placeholder-1024x1024.png 1024w, https:\/\/thehoneyofsweden.jejjcop2.se\/wp-content\/uploads\/woocommerce-placeholder-150x150.png 150w, https:\/\/thehoneyofsweden.jejjcop2.se\/wp-content\/uploads\/woocommerce-placeholder-768x768.png 768w, https:\/\/thehoneyofsweden.jejjcop2.se\/wp-content\/uploads\/woocommerce-placeholder-12x12.png 12w, https:\/\/thehoneyofsweden.jejjcop2.se\/wp-content\/uploads\/woocommerce-placeholder.png 1200w\" sizes=\"auto, (max-width: 300px) 100vw, 300px\" data-no-translation-alt=\"\" \/><h2 class=\"woocommerce-loop-product__title\">pers testprodukt<\/h2><div class=\"star-rating\" title=\"Noch nicht bewertet\"><span style=\"width:0%\"><strong class=\"rating\">0<\/strong> von 5<\/span><\/div>\n\t<span class=\"price\"><span class=\"woocommerce-Price-amount amount\"><bdi>1&nbsp;<span class=\"woocommerce-Price-currencySymbol\">&#107;&#114;<\/span><\/bdi><\/span><\/span>\n<\/a><\/li>\n<li class=\"sales-flash-overlay woocommerce-text-align-center woocommerce-image-align-center do-quantity-buttons product type-product post-2084 status-publish instock product_cat-uncategorized has-post-thumbnail taxable shipping-taxable purchasable product-type-simple\">\n\t<a href=\"https:\/\/thehoneyofsweden.jejjcop2.se\/de\/produkt\/the-honey-of-sweden-150g\/\" class=\"woocommerce-LoopProduct-link woocommerce-loop-product__link\"><img loading=\"lazy\" decoding=\"async\" width=\"300\" height=\"300\" src=\"https:\/\/thehoneyofsweden.jejjcop2.se\/wp-content\/uploads\/TheHoney9_webshop-300x300.jpg\" class=\"attachment-woocommerce_thumbnail size-woocommerce_thumbnail\" alt=\"\" srcset=\"https:\/\/thehoneyofsweden.jejjcop2.se\/wp-content\/uploads\/TheHoney9_webshop-300x300.jpg 300w, https:\/\/thehoneyofsweden.jejjcop2.se\/wp-content\/uploads\/TheHoney9_webshop-150x150.jpg 150w, https:\/\/thehoneyofsweden.jejjcop2.se\/wp-content\/uploads\/TheHoney9_webshop-100x100.jpg 100w\" sizes=\"auto, (max-width: 300px) 100vw, 300px\" \/><h2 class=\"woocommerce-loop-product__title\">THE HONEY Of Sweden 150g<\/h2><div class=\"star-rating\" title=\"Noch nicht bewertet\"><span style=\"width:0%\"><strong class=\"rating\">0<\/strong> von 5<\/span><\/div>\n\t<span class=\"price\"><span class=\"woocommerce-Price-amount amount\"><bdi>49&nbsp;<span class=\"woocommerce-Price-currencySymbol\">&#107;&#114;<\/span><\/bdi><\/span><\/span>\n<\/a><\/li>\n<li class=\"sales-flash-overlay woocommerce-text-align-center woocommerce-image-align-center do-quantity-buttons product type-product post-2036 status-publish last instock product_cat-uncategorized has-post-thumbnail taxable shipping-taxable purchasable product-type-simple\">\n\t<a href=\"https:\/\/thehoneyofsweden.jejjcop2.se\/de\/produkt\/the-honey-of-sweden-250g\/\" class=\"woocommerce-LoopProduct-link woocommerce-loop-product__link\"><img loading=\"lazy\" decoding=\"async\" width=\"300\" height=\"300\" src=\"https:\/\/thehoneyofsweden.jejjcop2.se\/wp-content\/uploads\/TheHoney-250g-_webshop-300x300.jpg\" class=\"attachment-woocommerce_thumbnail size-woocommerce_thumbnail\" alt=\"\" srcset=\"https:\/\/thehoneyofsweden.jejjcop2.se\/wp-content\/uploads\/TheHoney-250g-_webshop-300x300.jpg 300w, https:\/\/thehoneyofsweden.jejjcop2.se\/wp-content\/uploads\/TheHoney-250g-_webshop-150x150.jpg 150w, https:\/\/thehoneyofsweden.jejjcop2.se\/wp-content\/uploads\/TheHoney-250g-_webshop-100x100.jpg 100w\" sizes=\"auto, (max-width: 300px) 100vw, 300px\" \/><h2 class=\"woocommerce-loop-product__title\">THE HONEY Of Sweden 250g<\/h2><div class=\"star-rating\" title=\"Noch nicht bewertet\"><span style=\"width:0%\"><strong class=\"rating\">0<\/strong> von 5<\/span><\/div>\n\t<span class=\"price\"><span class=\"woocommerce-Price-amount amount\"><bdi>70&nbsp;<span class=\"woocommerce-Price-currencySymbol\">&#107;&#114;<\/span><\/bdi><\/span><\/span>\n<\/a><\/li>\n<li class=\"sales-flash-overlay woocommerce-text-align-center woocommerce-image-align-center do-quantity-buttons product type-product post-2082 status-publish first instock product_cat-uncategorized has-post-thumbnail taxable shipping-taxable purchasable product-type-simple\">\n\t<a href=\"https:\/\/thehoneyofsweden.jejjcop2.se\/de\/produkt\/the-honey-of-sweden-400g\/\" class=\"woocommerce-LoopProduct-link woocommerce-loop-product__link\"><img loading=\"lazy\" decoding=\"async\" width=\"300\" height=\"300\" src=\"https:\/\/thehoneyofsweden.jejjcop2.se\/wp-content\/uploads\/TheHoney-400g_webshop-300x300.jpg\" class=\"attachment-woocommerce_thumbnail size-woocommerce_thumbnail\" alt=\"\" srcset=\"https:\/\/thehoneyofsweden.jejjcop2.se\/wp-content\/uploads\/TheHoney-400g_webshop-300x300.jpg 300w, https:\/\/thehoneyofsweden.jejjcop2.se\/wp-content\/uploads\/TheHoney-400g_webshop-150x150.jpg 150w, https:\/\/thehoneyofsweden.jejjcop2.se\/wp-content\/uploads\/TheHoney-400g_webshop-100x100.jpg 100w\" sizes=\"auto, (max-width: 300px) 100vw, 300px\" \/><h2 class=\"woocommerce-loop-product__title\">THE HONEY Of Sweden 400g<\/h2><div class=\"star-rating\" title=\"Noch nicht bewertet\"><span style=\"width:0%\"><strong class=\"rating\">0<\/strong> von 5<\/span><\/div>\n\t<span class=\"price\"><span class=\"woocommerce-Price-amount amount\"><bdi>199&nbsp;<span class=\"woocommerce-Price-currencySymbol\">&#107;&#114;<\/span><\/bdi><\/span><\/span>\n<\/a><\/li>\n<\/ul>\n<\/div>\n<\/div><\/div><div class=\"gb-container gb-container-19725844 gb-container-dark-blue-container\"><div class=\"gb-inside-container\">\n<h2 class=\"gb-headline gb-headline-21f03b8b gb-headline-text\">FAQs \u00fcber unsere Produkte<\/h2>\n\n<div class=\"lightweight-accordion has-background\"><details><summary class=\"lightweight-accordion-title\" style=\"background:var(--dark-blue-bg);\"><span>Wo kann ich den Honig kaufen?<\/span><\/summary><div class=\"lightweight-accordion-body\" style=\"border-color:var(--dark-blue-bg);\">\n<p>Hier sind einige der Orte, an denen unser Honig international verkauft wird. <\/p>\n\n<p>Einige der unten aufgef\u00fchrten Gesch\u00e4fte bieten Online-Verk\u00e4ufe an.<\/p>\n\n<div class=\"wp-block-columns is-layout-flex wp-container-core-columns-is-layout-9d6595d7 wp-block-columns-is-layout-flex\"><div class=\"wp-block-column is-layout-flow wp-block-column-is-layout-flow\"><h2 class=\"gb-headline gb-headline-abd76044 gb-headline-text\">Frankreich<\/h2>\n\n<p><a href=\"https:\/\/nordictemptations.com\/honey-of-sweden\/\">Nordic Temptations in Antibes<\/a><\/p>\n\n<p><a rel=\"noreferrer noopener\" href=\"https:\/\/www.yachtneeds.com\/manufacturer\/the-honey-of-sweden\" data-type=\"URL\" data-id=\"https:\/\/www.yachtneeds.com\/manufacturer\/the-honey-of-sweden\" target=\"_blank\">Yachtneeds<\/a><\/p>\n\n<figure class=\"gb-block-image gb-block-image-255c1073\"><img decoding=\"async\" loading=\"lazy\" width=\"300\" height=\"296\" class=\"gb-image gb-image-255c1073\" src=\"https:\/\/thehoneyofsweden.jejjcop2.se\/wp-content\/uploads\/Stamp-for-Seller-Approved-Seller--300x296.png\" alt=\"\" title=\"Stamp-for-Seller-Approved-Seller-\" srcset=\"https:\/\/thehoneyofsweden.jejjcop2.se\/wp-content\/uploads\/Stamp-for-Seller-Approved-Seller--300x296.png 300w, https:\/\/thehoneyofsweden.jejjcop2.se\/wp-content\/uploads\/Stamp-for-Seller-Approved-Seller--100x100.png 100w, https:\/\/thehoneyofsweden.jejjcop2.se\/wp-content\/uploads\/Stamp-for-Seller-Approved-Seller--600x592.png 600w, https:\/\/thehoneyofsweden.jejjcop2.se\/wp-content\/uploads\/Stamp-for-Seller-Approved-Seller--12x12.png 12w, https:\/\/thehoneyofsweden.jejjcop2.se\/wp-content\/uploads\/Stamp-for-Seller-Approved-Seller-.png 726w\" sizes=\"auto, (max-width: 300px) 100vw, 300px\" \/><\/figure><\/div>\n\n<div class=\"wp-block-column is-layout-flow wp-block-column-is-layout-flow\"><h2 class=\"gb-headline gb-headline-10ad6519 gb-headline-text\">Japan<\/h2>\n\n<p><a rel=\"noreferrer noopener\" href=\"https:\/\/www.imperialhotel.co.jp\/e\/tokyo\/hotelshop\/\" data-type=\"URL\" data-id=\"https:\/\/www.imperialhotel.co.jp\/e\/tokyo\/hotelshop\/\" target=\"_blank\">Imperial Hotel Tokyo, Gargantua<\/a><\/p>\n\n<p>Ginza Matsuya department stores<\/p>\n\n<p>Seibu Ikebukuro department stores<\/p>\n\n<p><a href=\"https:\/\/www.f-eclairer.com\/\" data-type=\"URL\" data-id=\"https:\/\/www.f-eclairer.com\/\" target=\"_blank\" rel=\"noreferrer noopener\">Fromagerie Eclair Sapporo.<\/a> <\/p>\n\n<p><a href=\"http:\/\/www.tokyodaijingu.or.jp\/english\/index_e.html\" target=\"_blank\" rel=\"noreferrer noopener\">Tokyo Daijingu<\/a><\/p>\n\n<p><a href=\"https:\/\/honeysweden.base.shop\/\" target=\"_blank\" rel=\"noreferrer noopener\">The Honey of Sweden webshop<\/a><\/p><\/div><\/div>\n\n<p><\/p>\n<\/div><\/details><\/div>\n\n<div class=\"lightweight-accordion has-background\"><details><summary class=\"lightweight-accordion-title\" style=\"background:var(--dark-blue-bg);\"><span>Ist der Honig Bio?<\/span><\/summary><div class=\"lightweight-accordion-body\" style=\"border-color:var(--dark-blue-bg);\">\n<p>Je nach Markt bieten wir Bio- und Nicht-Bio-Honig an. <\/p>\n<\/div><\/details><\/div>\n\n<div class=\"lightweight-accordion has-background\"><details><summary class=\"lightweight-accordion-title\" style=\"background:var(--dark-blue-bg);\"><span>Kann ich THE HONEY OF Sweden online kaufen?<\/span><\/summary><div class=\"lightweight-accordion-body\" style=\"border-color:var(--dark-blue-bg);\">\n<p><a href=\"https:\/\/thehoneyofsweden.jejjcop2.se\/de\/products\/#:~:text=Some%20of%20the%20shops%20below%20offer%20online%20sales.\" target=\"_blank\" rel=\"noreferrer noopener\">Bestimmte Gesch\u00e4fte in verschiedenen M\u00e4rkten bieten Online-Verk\u00e4ufe an.<\/a><\/p>\n<\/div><\/details><\/div>\n<\/div><\/div>","protected":false},"excerpt":{"rendered":"<p>The taste of honey is the taste of a place Pure Swedish Premium Honey Our honey is a completely natural product ready to eat straight from nature. No processing just gently extracted honey naturally matured as the bees want and have done it for ages. We wait for the bees to finish their job before &#8230; <a title=\"Produkte\" class=\"read-more\" href=\"https:\/\/thehoneyofsweden.jejjcop2.se\/de\/lindenblutenhonig-heidehonig-und-mehr-the-honey-of-sweden\/\" aria-label=\"Mehr Informationen \u00fcber Products\">Weiterlesen<\/a><\/p>","protected":false},"author":2,"featured_media":0,"parent":0,"menu_order":0,"comment_status":"closed","ping_status":"closed","template":"","meta":{"footnotes":""},"class_list":["post-360","page","type-page","status-publish"],"acf":[],"yoast_head":"<!-- This site is optimized with the Yoast SEO plugin v24.5 - https:\/\/yoast.com\/wordpress\/plugins\/seo\/ -->\n<title>Products - The Honey Of Sweden<\/title>\n<meta name=\"description\" content=\"Our honey is a completely natural product ready to eat straight from nature. No processing just gently extracted honey.\" \/>\n<meta name=\"robots\" content=\"noindex, follow, max-snippet:-1, max-image-preview:large, max-video-preview:-1\" \/>\n<meta property=\"og:locale\" content=\"de_DE\" \/>\n<meta property=\"og:type\" content=\"article\" \/>\n<meta property=\"og:title\" content=\"Products - The Honey Of Sweden\" \/>\n<meta property=\"og:description\" content=\"Our honey is a completely natural product ready to eat straight from nature. No processing just gently extracted honey.\" \/>\n<meta property=\"og:url\" content=\"https:\/\/thehoneyofsweden.jejjcop2.se\/de\/lindenblutenhonig-heidehonig-und-mehr-the-honey-of-sweden\/\" \/>\n<meta property=\"og:site_name\" content=\"The Honey Of Sweden\" \/>\n<meta property=\"article:modified_time\" content=\"2023-06-16T14:09:08+00:00\" \/>\n<meta property=\"og:image\" content=\"https:\/\/thehoneyofsweden.jejjcop2.se\/wp-content\/uploads\/Stamp-for-Seller-Approved-Seller--300x296.png\" \/>\n<meta name=\"twitter:card\" content=\"summary_large_image\" \/>\n<meta name=\"twitter:label1\" content=\"Gesch\u00e4tzte Lesezeit\" \/>\n\t<meta name=\"twitter:data1\" content=\"2\u00a0Minuten\" \/>\n<script type=\"application\/ld+json\" class=\"yoast-schema-graph\">{\"@context\":\"https:\/\/schema.org\",\"@graph\":[{\"@type\":\"WebPage\",\"@id\":\"https:\/\/thehoneyofsweden.jejjcop2.se\/products%ef%bd%9c-the-honey-of-sweden\/\",\"url\":\"https:\/\/thehoneyofsweden.jejjcop2.se\/products%ef%bd%9c-the-honey-of-sweden\/\",\"name\":\"Products - The Honey Of Sweden\",\"isPartOf\":{\"@id\":\"https:\/\/thehoneyofsweden.jejjcop2.se\/#website\"},\"primaryImageOfPage\":{\"@id\":\"https:\/\/thehoneyofsweden.jejjcop2.se\/products%ef%bd%9c-the-honey-of-sweden\/#primaryimage\"},\"image\":{\"@id\":\"https:\/\/thehoneyofsweden.jejjcop2.se\/products%ef%bd%9c-the-honey-of-sweden\/#primaryimage\"},\"thumbnailUrl\":\"https:\/\/thehoneyofsweden.jejjcop2.se\/wp-content\/uploads\/Stamp-for-Seller-Approved-Seller--300x296.png\",\"datePublished\":\"2022-08-29T10:34:36+00:00\",\"dateModified\":\"2023-06-16T14:09:08+00:00\",\"description\":\"Our honey is a completely natural product ready to eat straight from nature. No processing just gently extracted honey.\",\"breadcrumb\":{\"@id\":\"https:\/\/thehoneyofsweden.jejjcop2.se\/products%ef%bd%9c-the-honey-of-sweden\/#breadcrumb\"},\"inLanguage\":\"de\",\"potentialAction\":[{\"@type\":\"ReadAction\",\"target\":[\"https:\/\/thehoneyofsweden.jejjcop2.se\/products%ef%bd%9c-the-honey-of-sweden\/\"]}]},{\"@type\":\"ImageObject\",\"inLanguage\":\"de\",\"@id\":\"https:\/\/thehoneyofsweden.jejjcop2.se\/products%ef%bd%9c-the-honey-of-sweden\/#primaryimage\",\"url\":\"https:\/\/thehoneyofsweden.jejjcop2.se\/wp-content\/uploads\/Stamp-for-Seller-Approved-Seller--300x296.png\",\"contentUrl\":\"https:\/\/thehoneyofsweden.jejjcop2.se\/wp-content\/uploads\/Stamp-for-Seller-Approved-Seller--300x296.png\"},{\"@type\":\"BreadcrumbList\",\"@id\":\"https:\/\/thehoneyofsweden.jejjcop2.se\/products%ef%bd%9c-the-honey-of-sweden\/#breadcrumb\",\"itemListElement\":[{\"@type\":\"ListItem\",\"position\":1,\"name\":\"Home\",\"item\":\"https:\/\/thehoneyofsweden.jejjcop2.se\/\"},{\"@type\":\"ListItem\",\"position\":2,\"name\":\"Products\"}]},{\"@type\":\"WebSite\",\"@id\":\"https:\/\/thehoneyofsweden.jejjcop2.se\/#website\",\"url\":\"https:\/\/thehoneyofsweden.jejjcop2.se\/\",\"name\":\"The Honey Of Sweden\",\"description\":\"Finest Quality Honey\",\"publisher\":{\"@id\":\"https:\/\/thehoneyofsweden.jejjcop2.se\/#organization\"},\"potentialAction\":[{\"@type\":\"SearchAction\",\"target\":{\"@type\":\"EntryPoint\",\"urlTemplate\":\"https:\/\/thehoneyofsweden.jejjcop2.se\/?s={search_term_string}\"},\"query-input\":{\"@type\":\"PropertyValueSpecification\",\"valueRequired\":true,\"valueName\":\"search_term_string\"}}],\"inLanguage\":\"de\"},{\"@type\":\"Organization\",\"@id\":\"https:\/\/thehoneyofsweden.jejjcop2.se\/#organization\",\"name\":\"The Honey Of Sweden\",\"url\":\"https:\/\/thehoneyofsweden.jejjcop2.se\/\",\"logo\":{\"@type\":\"ImageObject\",\"inLanguage\":\"de\",\"@id\":\"https:\/\/thehoneyofsweden.jejjcop2.se\/#\/schema\/logo\/image\/\",\"url\":\"https:\/\/thehoneyofsweden.jejjcop2.se\/wp-content\/uploads\/the-honey-of-sweden-logo-centered.png\",\"contentUrl\":\"https:\/\/thehoneyofsweden.jejjcop2.se\/wp-content\/uploads\/the-honey-of-sweden-logo-centered.png\",\"width\":950,\"height\":624,\"caption\":\"The Honey Of Sweden\"},\"image\":{\"@id\":\"https:\/\/thehoneyofsweden.jejjcop2.se\/#\/schema\/logo\/image\/\"},\"sameAs\":[\"https:\/\/www.instagram.com\/thehoneyofsweden\/\"]}]}<\/script>\n<!-- \/ Yoast SEO plugin. -->","yoast_head_json":{"title":"Lindenbl\u00fctenhonig, Heidehonig und mehr | The Honey Of Sweden","description":"Entdecken Sie eine Vielfalt an hervorragenden Honigsorten wie Lindenbl\u00fctenhonig und Heidehonig auf unserer Seite. Wir haben Honiggl\u00e4ser von 150g bis 400g.","robots":{"index":"noindex","follow":"follow","max-snippet":"max-snippet:-1","max-image-preview":"max-image-preview:large","max-video-preview":"max-video-preview:-1"},"og_locale":"de_DE","og_type":"article","og_title":"Products - The Honey Of Sweden","og_description":"Our honey is a completely natural product ready to eat straight from nature. No processing just gently extracted honey.","og_url":"https:\/\/thehoneyofsweden.jejjcop2.se\/de\/lindenblutenhonig-heidehonig-und-mehr-the-honey-of-sweden\/","og_site_name":"The Honey Of Sweden","article_modified_time":"2023-06-16T14:09:08+00:00","og_image":[{"url":"https:\/\/thehoneyofsweden.jejjcop2.se\/wp-content\/uploads\/Stamp-for-Seller-Approved-Seller--300x296.png","type":"","width":"","height":""}],"twitter_card":"summary_large_image","twitter_misc":{"Gesch\u00e4tzte Lesezeit":"2\u00a0Minuten"},"schema":{"@context":"https:\/\/schema.org","@graph":[{"@type":"WebPage","@id":"https:\/\/thehoneyofsweden.jejjcop2.se\/products%ef%bd%9c-the-honey-of-sweden\/","url":"https:\/\/thehoneyofsweden.jejjcop2.se\/products%ef%bd%9c-the-honey-of-sweden\/","name":"Lindenbl\u00fctenhonig, Heidehonig und mehr | The Honey Of Sweden","isPartOf":{"@id":"https:\/\/thehoneyofsweden.jejjcop2.se\/#website"},"primaryImageOfPage":{"@id":"https:\/\/thehoneyofsweden.jejjcop2.se\/products%ef%bd%9c-the-honey-of-sweden\/#primaryimage"},"image":{"@id":"https:\/\/thehoneyofsweden.jejjcop2.se\/products%ef%bd%9c-the-honey-of-sweden\/#primaryimage"},"thumbnailUrl":"https:\/\/thehoneyofsweden.jejjcop2.se\/wp-content\/uploads\/Stamp-for-Seller-Approved-Seller--300x296.png","datePublished":"2022-08-29T10:34:36+00:00","dateModified":"2023-06-16T14:09:08+00:00","description":"Entdecken Sie eine Vielfalt an hervorragenden Honigsorten wie Lindenbl\u00fctenhonig und Heidehonig auf unserer Seite. Wir haben Honiggl\u00e4ser von 150g bis 400g.","breadcrumb":{"@id":"https:\/\/thehoneyofsweden.jejjcop2.se\/products%ef%bd%9c-the-honey-of-sweden\/#breadcrumb"},"inLanguage":"de","potentialAction":[{"@type":"ReadAction","target":["https:\/\/thehoneyofsweden.jejjcop2.se\/products%ef%bd%9c-the-honey-of-sweden\/"]}]},{"@type":"ImageObject","inLanguage":"de","@id":"https:\/\/thehoneyofsweden.jejjcop2.se\/products%ef%bd%9c-the-honey-of-sweden\/#primaryimage","url":"https:\/\/thehoneyofsweden.jejjcop2.se\/wp-content\/uploads\/Stamp-for-Seller-Approved-Seller--300x296.png","contentUrl":"https:\/\/thehoneyofsweden.jejjcop2.se\/wp-content\/uploads\/Stamp-for-Seller-Approved-Seller--300x296.png"},{"@type":"BreadcrumbList","@id":"https:\/\/thehoneyofsweden.jejjcop2.se\/products%ef%bd%9c-the-honey-of-sweden\/#breadcrumb","itemListElement":[{"@type":"ListItem","position":1,"name":"Home","item":"https:\/\/thehoneyofsweden.jejjcop2.se\/"},{"@type":"ListItem","position":2,"name":"Products"}]},{"@type":"WebSite","@id":"https:\/\/thehoneyofsweden.jejjcop2.se\/#website","url":"https:\/\/thehoneyofsweden.jejjcop2.se\/","name":"Imkerhonig online kaufen - Bio Honig -  | The Honey Of Sweden","description":"Finest Quality Honey","publisher":{"@id":"https:\/\/thehoneyofsweden.jejjcop2.se\/#organization"},"potentialAction":[{"@type":"SearchAction","target":{"@type":"EntryPoint","urlTemplate":"https:\/\/thehoneyofsweden.jejjcop2.se\/?s={search_term_string}"},"query-input":{"@type":"PropertyValueSpecification","valueRequired":true,"valueName":"search_term_string"}}],"inLanguage":"de"},{"@type":"Organization","@id":"https:\/\/thehoneyofsweden.jejjcop2.se\/#organization","name":"Imkerhonig online kaufen - Bio Honig -  | The Honey Of Sweden","url":"https:\/\/thehoneyofsweden.jejjcop2.se\/","logo":{"@type":"ImageObject","inLanguage":"de","@id":"https:\/\/thehoneyofsweden.jejjcop2.se\/#\/schema\/logo\/image\/","url":"https:\/\/thehoneyofsweden.jejjcop2.se\/wp-content\/uploads\/the-honey-of-sweden-logo-centered.png","contentUrl":"https:\/\/thehoneyofsweden.jejjcop2.se\/wp-content\/uploads\/the-honey-of-sweden-logo-centered.png","width":950,"height":624,"caption":"The Honey Of Sweden"},"image":{"@id":"https:\/\/thehoneyofsweden.jejjcop2.se\/#\/schema\/logo\/image\/"},"sameAs":["https:\/\/www.instagram.com\/thehoneyofsweden\/"]}]}},"_links":{"self":[{"href":"https:\/\/thehoneyofsweden.jejjcop2.se\/de\/wp-json\/wp\/v2\/pages\/360","targetHints":{"allow":["GET"]}}],"collection":[{"href":"https:\/\/thehoneyofsweden.jejjcop2.se\/de\/wp-json\/wp\/v2\/pages"}],"about":[{"href":"https:\/\/thehoneyofsweden.jejjcop2.se\/de\/wp-json\/wp\/v2\/types\/page"}],"author":[{"embeddable":true,"href":"https:\/\/thehoneyofsweden.jejjcop2.se\/de\/wp-json\/wp\/v2\/users\/2"}],"replies":[{"embeddable":true,"href":"https:\/\/thehoneyofsweden.jejjcop2.se\/de\/wp-json\/wp\/v2\/comments?post=360"}],"version-history":[{"count":126,"href":"https:\/\/thehoneyofsweden.jejjcop2.se\/de\/wp-json\/wp\/v2\/pages\/360\/revisions"}],"predecessor-version":[{"id":2103,"href":"https:\/\/thehoneyofsweden.jejjcop2.se\/de\/wp-json\/wp\/v2\/pages\/360\/revisions\/2103"}],"wp:attachment":[{"href":"https:\/\/thehoneyofsweden.jejjcop2.se\/de\/wp-json\/wp\/v2\/media?parent=360"}],"curies":[{"name":"wp","href":"https:\/\/api.w.org\/{rel}","templated":true}]}}