{"id":841,"date":"2022-10-13T10:00:02","date_gmt":"2022-10-13T10:00:02","guid":{"rendered":"https:\/\/thehoneyofsweden.jejjcop2.se\/?page_id=841"},"modified":"2023-05-26T19:29:29","modified_gmt":"2023-05-26T17:29:29","slug":"kontaktieren-sie-uns-the-honey-of-sweden","status":"publish","type":"page","link":"https:\/\/thehoneyofsweden.jejjcop2.se\/de\/kontaktieren-sie-uns-the-honey-of-sweden\/","title":{"rendered":"Kontaktieren Sie uns"},"content":{"rendered":"<div class=\"gb-container gb-container-f476f7e9 gb-container-dark-blue-container\"><div class=\"gb-inside-container\">\n<p class=\"gb-headline gb-headline-d8486d99 gb-headline-text\"><strong>So erreichen Sie uns<\/strong><\/p>\n\n<h2 class=\"gb-headline gb-headline-0a296b87 gb-headline-text\">Kontakt<\/h2>\n\n<p>Haben Sie Fragen oder Anregungen zum Honig von The Honey Of Sweden? Dann kontaktieren Sie uns! Wir freuen uns auf Ihre Nachricht und helfen Ihnen gerne weiter.<\/p>\n<\/div><\/div><div class=\"gb-container gb-container-44343bb7 gb-container-dark-blue-container\"><div class=\"gb-inside-container\">\n<div class=\"gb-grid-wrapper gb-grid-wrapper-924a495d\">\n<div class=\"gb-grid-column gb-grid-column-5c5f7a50\"><div class=\"gb-container gb-container-5c5f7a50\"><div class=\"gb-inside-container\">\n<h2 class=\"gb-headline gb-headline-82fa11cf\"><span class=\"gb-icon\"><svg aria-hidden=\"true\" role=\"img\" height=\"1em\" width=\"1em\" viewbox=\"0 0 512 512\" xmlns=\"http:\/\/www.w3.org\/2000\/svg\"><path fill=\"currentColor\" d=\"M493.4 24.6l-104-24c-11.3-2.6-22.9 3.3-27.5 13.9l-48 112c-4.2 9.8-1.4 21.3 6.9 28l60.6 49.6c-36 76.7-98.9 140.5-177.2 177.2l-49.6-60.6c-6.8-8.3-18.2-11.1-28-6.9l-112 48C3.9 366.5-2 378.1.6 389.4l24 104C27.1 504.2 36.7 512 48 512c256.1 0 464-207.5 464-464 0-11.2-7.7-20.9-18.6-23.4z\"><\/path><\/svg><\/span><span class=\"gb-headline-text\">Rufen Sie uns an<\/span><\/h2>\n\n<p class=\"gb-headline gb-headline-ff03f5a9 gb-headline-text\">+46 70 455 82 92<\/p>\n<\/div><\/div><\/div>\n\n<div class=\"gb-grid-column gb-grid-column-228f600b\"><div class=\"gb-container gb-container-228f600b\"><div class=\"gb-inside-container\">\n<h2 class=\"gb-headline gb-headline-66172f1d\"><span class=\"gb-icon\"><svg xml:space=\"preserve\" style=\"enable-background:new 0 0 330.242 330.242;\" viewbox=\"0 0 330.242 330.242\" y=\"0px\" x=\"0px\" xmlns:xlink=\"http:\/\/www.w3.org\/1999\/xlink\" xmlns=\"http:\/\/www.w3.org\/2000\/svg\" id=\"Capa_1\" version=\"1.1\"> <path d=\"M324.442,129.811l-41.321-33.677V42.275c0-6.065-4.935-11-11-11h-26c-6.065,0-11,4.935-11,11v14.737l-55.213-44.999 \tc-3.994-3.254-9.258-5.047-14.822-5.047c-5.542,0-10.781,1.782-14.753,5.019L5.8,129.81c-6.567,5.351-6.173,10.012-5.354,12.314 \tc0.817,2.297,3.448,6.151,11.884,6.151h19.791v154.947c0,11.058,8.972,20.053,20,20.053h62.5c10.935,0,19.5-8.809,19.5-20.053 \tv-63.541c0-5.446,5.005-10.405,10.5-10.405h42c5.238,0,9.5,4.668,9.5,10.405v63.541c0,10.87,9.388,20.053,20.5,20.053h61.5 \tc11.028,0,20-8.996,20-20.053V148.275h19.791c8.436,0,11.066-3.854,11.884-6.151C330.615,139.822,331.009,135.161,324.442,129.811z\"><\/path> <g> <\/g> <g> <\/g> <g> <\/g> <g> <\/g> <g> <\/g> <g> <\/g> <g> <\/g> <g> <\/g> <g> <\/g> <g> <\/g> <g> <\/g> <g> <\/g> <g> <\/g> <g> <\/g> <g> <\/g> <\/svg><\/span><span class=\"gb-headline-text\">Adresse<\/span><\/h2>\n\n<p class=\"has-text-align-center\">Swedish Bee Company<br>\u00c5kerv\u00e4gen 28<br>35249 V\u00e4xj\u00f6<br>Schweden<\/p>\n<\/div><\/div><\/div>\n<\/div>\n\n<div class=\"gb-container gb-container-f51b8069\"><div class=\"gb-inside-container\">\n<h2 class=\"gb-headline gb-headline-12b6793d\"><span class=\"gb-icon\"><svg aria-hidden=\"true\" role=\"img\" height=\"1em\" width=\"1em\" viewbox=\"0 0 512 512\" xmlns=\"http:\/\/www.w3.org\/2000\/svg\"><path fill=\"currentColor\" d=\"M256 8C118.941 8 8 118.919 8 256c0 137.059 110.919 248 248 248 48.154 0 95.342-14.14 135.408-40.223 12.005-7.815 14.625-24.288 5.552-35.372l-10.177-12.433c-7.671-9.371-21.179-11.667-31.373-5.129C325.92 429.757 291.314 440 256 440c-101.458 0-184-82.542-184-184S154.542 72 256 72c100.139 0 184 57.619 184 160 0 38.786-21.093 79.742-58.17 83.693-17.349-.454-16.91-12.857-13.476-30.024l23.433-121.11C394.653 149.75 383.308 136 368.225 136h-44.981a13.518 13.518 0 0 0-13.432 11.993l-.01.092c-14.697-17.901-40.448-21.775-59.971-21.775-74.58 0-137.831 62.234-137.831 151.46 0 65.303 36.785 105.87 96 105.87 26.984 0 57.369-15.637 74.991-38.333 9.522 34.104 40.613 34.103 70.71 34.103C462.609 379.41 504 307.798 504 232 504 95.653 394.023 8 256 8zm-21.68 304.43c-22.249 0-36.07-15.623-36.07-40.771 0-44.993 30.779-72.729 58.63-72.729 22.292 0 35.601 15.241 35.601 40.77 0 45.061-33.875 72.73-58.161 72.73z\"><\/path><\/svg><\/span><span class=\"gb-headline-text\">Senden Sie uns eine Nachricht<\/span><\/h2>\n\n\t\t\t<link rel=\"stylesheet\" property=\"stylesheet\" href=\"https:\/\/thehoneyofsweden.jejjcop2.se\/wp-content\/plugins\/happyforms-upgrade\/bundles\/css\/frontend.css\" \/>\n\t\t\t\t<!-- HappyForms CSS variables -->\n\t<style>\n\t#happyforms-982 {\n\t\t--happyforms-part-title-font-size: 16px;\n--happyforms-part-description-font-size: 12px;\n--happyforms-part-value-font-size: 16px;\n--happyforms-submit-button-font-size: 16px;\n--happyforms-color-primary: #ffffff;\n--happyforms-color-success-notice: #ebf9f0;\n--happyforms-color-success-notice-text: #1eb452;\n--happyforms-color-error: #f23000;\n--happyforms-color-error-notice: #ffeeea;\n--happyforms-color-error-notice-text: #f23000;\n--happyforms-color-part-title: #ffffff;\n--happyforms-color-part-value: #000000;\n--happyforms-color-part-placeholder: #0a0a0a;\n--happyforms-color-part-description: #454545;\n--happyforms-color-part-border: #dbdbdb;\n--happyforms-color-part-border-focus: #ebbf52;\n--happyforms-color-part-background: #f7f7f7;\n--happyforms-color-part-background-focus: #ffffff;\n--happyforms-color-submit-background: #ebbf52;\n--happyforms-color-submit-background-hover: #ffd700;\n--happyforms-color-submit-border: transparent;\n--happyforms-color-submit-text: #ffffff;\n--happyforms-color-submit-text-hover: #ffffff;\n--happyforms-color-table-row-odd: #fcfcfc;\n--happyforms-color-table-row-even: #efefef;\n--happyforms-color-table-row-odd-text: #000000;\n--happyforms-color-table-row-even-text: #000000;\n--happyforms-color-dropdown-item-bg: #ffffff;\n--happyforms-color-dropdown-item-text: #000000;\n--happyforms-color-dropdown-item-bg-hover: #f4f4f5;\n--happyforms-color-dropdown-item-text-hover: #000000;\n--happyforms-color-divider-hr: #cccccc;\n--happyforms-color-choice-checkmark-bg: #ffffff;\n--happyforms-color-choice-checkmark-bg-focus: #000000;\n--happyforms-color-choice-checkmark-color: #ffffff;\n--happyforms-color-rating: #cccccc;\n--happyforms-color-rating-hover: #000000;\n--happyforms-color-multistep-info-text-color: #000000;\n--happyforms-color-multistep-info-back-color: #000000;\n--happyforms-color-multistep-info-back-color-hover: #000000;\n--happyforms-poll-bar-color: #e8e8e8;\n--happyforms-poll-link-color: #000000;\n--happyforms-poll-winner-color: #000000;\n\t}\n\t<\/style>\n\t<!-- End of HappyForms CSS variables -->\n\t\t<!-- HappyForms Additional CSS -->\n\t<style data-happyforms-additional-css>\n\t\t<\/style>\n\t<!-- End of HappyForms Additional CSS -->\n\t\t\t<link rel=\"stylesheet\" type=\"text\/css\" href=\"https:\/\/thehoneyofsweden.jejjcop2.se\/wp-content\/plugins\/happyforms-upgrade\/core\/assets\/css\/no-interaction.css\">\n\t\t<div class=\"happyforms-form happyforms-styles happyforms-form--part-border-off happyforms-form--part-border-radius-square happyforms-form--submit-button-border-radius-square happyforms-form--submit-button-fullwidth\" id=\"happyforms-982\">\n\t\t\n\t<form action=\"\" id=\"happyforms-form-982\" method=\"post\" novalidate=\"true\" autocomplete=\"off\" data-trp-original-action=\"\">\n\t\t\t\t<input type=\"hidden\" name=\"happyforms_random_seed\" value=\"391886012\" \/>\n\t\t<div data-happyforms-type=\"google_analytics\">\n\t<input type=\"hidden\" name=\"happyforms_ga_referer\" value=\"\" \/>\n\t<input type=\"hidden\" name=\"happyforms_ga_user_agent\" \/>\n\t<input type=\"hidden\" name=\"happyforms_ga_page_url\" \/>\n<\/div>\n\t\t\t<input type=\"hidden\" name=\"action\" value=\"happyforms_message\">\n\t\t\t\t<input type=\"hidden\" name=\"client_referer\" value=\"\">\n\t\t\t\t<input type=\"hidden\" name=\"current_post_id\" value=\"\">\n\t\t\t\t<input type=\"hidden\" name=\"happyforms_form_id\" value=\"982\" \/>\n\t\t\t\t<input type=\"hidden\" name=\"happyforms_step\" value=\"0\" \/>\n\t\n\t\t<div class=\"happyforms-flex\">\n\t\t\t\t<label for=\"982-number\" class=\"screen-reader-text\">Lass dieses Feld leer<\/label>\n\t<input type=\"text\" id=\"982-number\" name=\"982-number\" style=\"display: none;\" tabindex=\"-1\" autocomplete=\"off\" aria-hidden=\"true\">\n\t\t\t\t\t\t\t\t\t\t<div class=\"happyforms-form__part happyforms-part happyforms-part--single_line_text happyforms-part--width-full happyforms-part--label-hidden\" id=\"happyforms-982_single_line_text_1-part\" data-happyforms-type=\"single_line_text\" data-happyforms-id=\"single_line_text_1\" data-happyforms-required=\"\">\n\t<div class=\"happyforms-part-wrap\">\n\t\t\n\t\t\t\t\t\t<div class=\"happyforms-part__label-container\">\n\t\t\t<\/div>\n\t\t\t\n\t\t\n\t\t<div class=\"happyforms-part__el\">\n\t\t\t\n\t\t\t\n\t\t\t<div class=\"happyforms-input\">\n\t\t\t\t\n\t\t\t\t<input id=\"happyforms-982_single_line_text_1\" type=\"text\" name=\"982_single_line_text_1\" value=\"\" placeholder=\"Name\" autocomplete=\"off\" spellcheck=\"false\"  autocorrect=\"off\" \/>\n\t\t\t\t\t\t\t<\/div>\n\n\t\t\t\n\t\t\t\n\t\t\t\t\t<\/div>\n\t<\/div>\n<\/div>\n<div class=\"happyforms-part--with-autocomplete happyforms-form__part happyforms-part happyforms-part--email happyforms-part--width-full happyforms-part--label-hidden\" id=\"happyforms-982_email_2-part\" data-happyforms-type=\"email\" data-happyforms-id=\"email_2\" data-happyforms-required=\"\">\n\t\t<div class=\"happyforms-part-wrap\">\n\t\t\t\t\t\t<div class=\"happyforms-part__label-container\">\n\t\t\t<\/div>\n\t\t\t\n\t\t\n\t\t<div class=\"happyforms-part__el\">\n\t\t\t\n\t\t\t\n\t\t\t<div class=\"happyforms-input\">\n\t\t\t\t<input type=\"email\" name=\"982_email_2\" id=\"happyforms-982_email_2\" value=\"\" placeholder=\"Email\" autocomplete=\"off\" spellcheck=\"false\"  autocorrect=\"off\" \/>\n\t\t\t\t\t\t\t<\/div>\n\n\t\t\t\n\t\t\t\n\t\t\t\t\t<\/div>\n\t<\/div>\n<\/div>\n<div class=\"happyforms-form__part happyforms-part happyforms-part--multi_line_text happyforms-part--width-full happyforms-part--label-hidden\" id=\"happyforms-982_multi_line_text_3-part\" data-happyforms-type=\"multi_line_text\" data-happyforms-id=\"multi_line_text_3\" data-happyforms-required=\"\">\n\t<div class=\"happyforms-part-wrap\">\n\t\t\t\t\t\t<div class=\"happyforms-part__label-container\">\n\t\t\t<\/div>\n\t\t\t\n\t\t\n\t\t<div class=\"happyforms-part__el\">\n\t\t\t\n\t\t\t\t\t\t<textarea id=\"happyforms-982_multi_line_text_3\" name=\"982_multi_line_text_3\" rows=\"5\" placeholder=\"Ihre Nachricht\" autocomplete=\"off\" spellcheck=\"false\" autocorrect=\"off\" ><\/textarea>\n\t\t\t\n\t\t\t\n\t\t\t\t\t<\/div>\n\t<\/div>\n<\/div>\n\t\t\t\t\t\t<div class=\"happyforms-form__part happyforms-part happyforms-part--submit\">\n\t\t<button type=\"submit\" class=\"happyforms-submit happyforms-button--submit\">Senden<\/button>\n\t<\/div>\t\t<\/div>\n\n\t\t\t<input type=\"hidden\" name=\"trp-form-language\" value=\"de\"\/><\/form>\n\n\t<\/div>\n\n<\/div><\/div>\n<\/div><\/div>","protected":false},"excerpt":{"rendered":"<p>Reach us. Ways to get in touch Do you have any questions regarding THE HONEY Of Sweden or maybe you want to become a reseller? Here you find our contact information. Send us a message<\/p>","protected":false},"author":2,"featured_media":0,"parent":0,"menu_order":0,"comment_status":"closed","ping_status":"closed","template":"","meta":{"footnotes":""},"class_list":["post-841","page","type-page","status-publish"],"acf":[],"yoast_head":"<!-- This site is optimized with the Yoast SEO plugin v24.5 - https:\/\/yoast.com\/wordpress\/plugins\/seo\/ -->\n<title>Contact Us - The Honey Of Sweden<\/title>\n<meta name=\"description\" content=\"Do you have any questions regarding THE HONEY Of Sweden or maybe you want to become a reseller? Here you find our contact information.\" \/>\n<meta name=\"robots\" content=\"noindex, follow, max-snippet:-1, max-image-preview:large, max-video-preview:-1\" \/>\n<meta property=\"og:locale\" content=\"de_DE\" \/>\n<meta property=\"og:type\" content=\"article\" \/>\n<meta property=\"og:title\" content=\"Contact Us - The Honey Of Sweden\" \/>\n<meta property=\"og:description\" content=\"Do you have any questions regarding THE HONEY Of Sweden or maybe you want to become a reseller? Here you find our contact information.\" \/>\n<meta property=\"og:url\" content=\"https:\/\/thehoneyofsweden.jejjcop2.se\/de\/kontaktieren-sie-uns-the-honey-of-sweden\/\" \/>\n<meta property=\"og:site_name\" content=\"The Honey Of Sweden\" \/>\n<meta property=\"article:modified_time\" content=\"2023-05-26T17:29:29+00:00\" \/>\n<meta name=\"twitter:card\" content=\"summary_large_image\" \/>\n<meta name=\"twitter:label1\" content=\"Gesch\u00e4tzte Lesezeit\" \/>\n\t<meta name=\"twitter:data1\" content=\"1\u00a0Minute\" \/>\n<script type=\"application\/ld+json\" class=\"yoast-schema-graph\">{\"@context\":\"https:\/\/schema.org\",\"@graph\":[{\"@type\":\"WebPage\",\"@id\":\"https:\/\/thehoneyofsweden.jejjcop2.se\/contact%ef%bd%9c-the-honey-of-sweden\/\",\"url\":\"https:\/\/thehoneyofsweden.jejjcop2.se\/contact%ef%bd%9c-the-honey-of-sweden\/\",\"name\":\"Contact Us - The Honey Of Sweden\",\"isPartOf\":{\"@id\":\"https:\/\/thehoneyofsweden.jejjcop2.se\/#website\"},\"datePublished\":\"2022-10-13T10:00:02+00:00\",\"dateModified\":\"2023-05-26T17:29:29+00:00\",\"description\":\"Do you have any questions regarding THE HONEY Of Sweden or maybe you want to become a reseller? Here you find our contact information.\",\"breadcrumb\":{\"@id\":\"https:\/\/thehoneyofsweden.jejjcop2.se\/contact%ef%bd%9c-the-honey-of-sweden\/#breadcrumb\"},\"inLanguage\":\"de\",\"potentialAction\":[{\"@type\":\"ReadAction\",\"target\":[\"https:\/\/thehoneyofsweden.jejjcop2.se\/contact%ef%bd%9c-the-honey-of-sweden\/\"]}]},{\"@type\":\"BreadcrumbList\",\"@id\":\"https:\/\/thehoneyofsweden.jejjcop2.se\/contact%ef%bd%9c-the-honey-of-sweden\/#breadcrumb\",\"itemListElement\":[{\"@type\":\"ListItem\",\"position\":1,\"name\":\"Home\",\"item\":\"https:\/\/thehoneyofsweden.jejjcop2.se\/\"},{\"@type\":\"ListItem\",\"position\":2,\"name\":\"Contact Us\"}]},{\"@type\":\"WebSite\",\"@id\":\"https:\/\/thehoneyofsweden.jejjcop2.se\/#website\",\"url\":\"https:\/\/thehoneyofsweden.jejjcop2.se\/\",\"name\":\"The Honey Of Sweden\",\"description\":\"Finest Quality Honey\",\"publisher\":{\"@id\":\"https:\/\/thehoneyofsweden.jejjcop2.se\/#organization\"},\"potentialAction\":[{\"@type\":\"SearchAction\",\"target\":{\"@type\":\"EntryPoint\",\"urlTemplate\":\"https:\/\/thehoneyofsweden.jejjcop2.se\/?s={search_term_string}\"},\"query-input\":{\"@type\":\"PropertyValueSpecification\",\"valueRequired\":true,\"valueName\":\"search_term_string\"}}],\"inLanguage\":\"de\"},{\"@type\":\"Organization\",\"@id\":\"https:\/\/thehoneyofsweden.jejjcop2.se\/#organization\",\"name\":\"The Honey Of Sweden\",\"url\":\"https:\/\/thehoneyofsweden.jejjcop2.se\/\",\"logo\":{\"@type\":\"ImageObject\",\"inLanguage\":\"de\",\"@id\":\"https:\/\/thehoneyofsweden.jejjcop2.se\/#\/schema\/logo\/image\/\",\"url\":\"https:\/\/thehoneyofsweden.jejjcop2.se\/wp-content\/uploads\/the-honey-of-sweden-logo-centered.png\",\"contentUrl\":\"https:\/\/thehoneyofsweden.jejjcop2.se\/wp-content\/uploads\/the-honey-of-sweden-logo-centered.png\",\"width\":950,\"height\":624,\"caption\":\"The Honey Of Sweden\"},\"image\":{\"@id\":\"https:\/\/thehoneyofsweden.jejjcop2.se\/#\/schema\/logo\/image\/\"},\"sameAs\":[\"https:\/\/www.instagram.com\/thehoneyofsweden\/\"]}]}<\/script>\n<!-- \/ Yoast SEO plugin. -->","yoast_head_json":{"title":"Kontaktieren Sie uns\n  | The Honey Of Sweden","description":"Haben Sie Fragen oder Anregungen zum Honig von The Honey Of Sweden? Dann kontaktieren Sie uns! Wir freuen uns auf Ihre Nachricht und helfen Ihnen gerne weiter.","robots":{"index":"noindex","follow":"follow","max-snippet":"max-snippet:-1","max-image-preview":"max-image-preview:large","max-video-preview":"max-video-preview:-1"},"og_locale":"de_DE","og_type":"article","og_title":"Contact Us - The Honey Of Sweden","og_description":"Do you have any questions regarding THE HONEY Of Sweden or maybe you want to become a reseller? Here you find our contact information.","og_url":"https:\/\/thehoneyofsweden.jejjcop2.se\/de\/kontaktieren-sie-uns-the-honey-of-sweden\/","og_site_name":"The Honey Of Sweden","article_modified_time":"2023-05-26T17:29:29+00:00","twitter_card":"summary_large_image","twitter_misc":{"Gesch\u00e4tzte Lesezeit":"1\u00a0Minute"},"schema":{"@context":"https:\/\/schema.org","@graph":[{"@type":"WebPage","@id":"https:\/\/thehoneyofsweden.jejjcop2.se\/contact%ef%bd%9c-the-honey-of-sweden\/","url":"https:\/\/thehoneyofsweden.jejjcop2.se\/contact%ef%bd%9c-the-honey-of-sweden\/","name":"Kontaktieren Sie uns\n  | The Honey Of Sweden","isPartOf":{"@id":"https:\/\/thehoneyofsweden.jejjcop2.se\/#website"},"datePublished":"2022-10-13T10:00:02+00:00","dateModified":"2023-05-26T17:29:29+00:00","description":"Haben Sie Fragen oder Anregungen zum Honig von The Honey Of Sweden? Dann kontaktieren Sie uns! Wir freuen uns auf Ihre Nachricht und helfen Ihnen gerne weiter.","breadcrumb":{"@id":"https:\/\/thehoneyofsweden.jejjcop2.se\/contact%ef%bd%9c-the-honey-of-sweden\/#breadcrumb"},"inLanguage":"de","potentialAction":[{"@type":"ReadAction","target":["https:\/\/thehoneyofsweden.jejjcop2.se\/contact%ef%bd%9c-the-honey-of-sweden\/"]}]},{"@type":"BreadcrumbList","@id":"https:\/\/thehoneyofsweden.jejjcop2.se\/contact%ef%bd%9c-the-honey-of-sweden\/#breadcrumb","itemListElement":[{"@type":"ListItem","position":1,"name":"Home","item":"https:\/\/thehoneyofsweden.jejjcop2.se\/"},{"@type":"ListItem","position":2,"name":"Contact Us"}]},{"@type":"WebSite","@id":"https:\/\/thehoneyofsweden.jejjcop2.se\/#website","url":"https:\/\/thehoneyofsweden.jejjcop2.se\/","name":"Imkerhonig online kaufen - Bio Honig -  | The Honey Of Sweden","description":"Finest Quality Honey","publisher":{"@id":"https:\/\/thehoneyofsweden.jejjcop2.se\/#organization"},"potentialAction":[{"@type":"SearchAction","target":{"@type":"EntryPoint","urlTemplate":"https:\/\/thehoneyofsweden.jejjcop2.se\/?s={search_term_string}"},"query-input":{"@type":"PropertyValueSpecification","valueRequired":true,"valueName":"search_term_string"}}],"inLanguage":"de"},{"@type":"Organization","@id":"https:\/\/thehoneyofsweden.jejjcop2.se\/#organization","name":"Imkerhonig online kaufen - Bio Honig -  | The Honey Of Sweden","url":"https:\/\/thehoneyofsweden.jejjcop2.se\/","logo":{"@type":"ImageObject","inLanguage":"de","@id":"https:\/\/thehoneyofsweden.jejjcop2.se\/#\/schema\/logo\/image\/","url":"https:\/\/thehoneyofsweden.jejjcop2.se\/wp-content\/uploads\/the-honey-of-sweden-logo-centered.png","contentUrl":"https:\/\/thehoneyofsweden.jejjcop2.se\/wp-content\/uploads\/the-honey-of-sweden-logo-centered.png","width":950,"height":624,"caption":"The Honey Of Sweden"},"image":{"@id":"https:\/\/thehoneyofsweden.jejjcop2.se\/#\/schema\/logo\/image\/"},"sameAs":["https:\/\/www.instagram.com\/thehoneyofsweden\/"]}]}},"_links":{"self":[{"href":"https:\/\/thehoneyofsweden.jejjcop2.se\/de\/wp-json\/wp\/v2\/pages\/841","targetHints":{"allow":["GET"]}}],"collection":[{"href":"https:\/\/thehoneyofsweden.jejjcop2.se\/de\/wp-json\/wp\/v2\/pages"}],"about":[{"href":"https:\/\/thehoneyofsweden.jejjcop2.se\/de\/wp-json\/wp\/v2\/types\/page"}],"author":[{"embeddable":true,"href":"https:\/\/thehoneyofsweden.jejjcop2.se\/de\/wp-json\/wp\/v2\/users\/2"}],"replies":[{"embeddable":true,"href":"https:\/\/thehoneyofsweden.jejjcop2.se\/de\/wp-json\/wp\/v2\/comments?post=841"}],"version-history":[{"count":35,"href":"https:\/\/thehoneyofsweden.jejjcop2.se\/de\/wp-json\/wp\/v2\/pages\/841\/revisions"}],"predecessor-version":[{"id":2020,"href":"https:\/\/thehoneyofsweden.jejjcop2.se\/de\/wp-json\/wp\/v2\/pages\/841\/revisions\/2020"}],"wp:attachment":[{"href":"https:\/\/thehoneyofsweden.jejjcop2.se\/de\/wp-json\/wp\/v2\/media?parent=841"}],"curies":[{"name":"wp","href":"https:\/\/api.w.org\/{rel}","templated":true}]}}