{"id":854,"date":"2022-10-13T10:20:48","date_gmt":"2022-10-13T10:20:48","guid":{"rendered":"https:\/\/thehoneyofsweden.jejjcop2.se\/?page_id=854"},"modified":"2023-05-25T10:43:24","modified_gmt":"2023-05-25T08:43:24","slug":"uber-uns-the-honey-of-sweden","status":"publish","type":"page","link":"https:\/\/thehoneyofsweden.jejjcop2.se\/de\/uber-uns-the-honey-of-sweden\/","title":{"rendered":"\u00dcber uns"},"content":{"rendered":"<div class=\"gb-container gb-container-eeca7ba8\"><div class=\"gb-inside-container\">\n<div class=\"gb-container gb-container-8ab73cc1\"><div class=\"gb-inside-container\">\n<figure class=\"gb-block-image gb-block-image-f6d1215c\"><img decoding=\"async\" loading=\"lazy\" width=\"1200\" height=\"600\" class=\"gb-image gb-image-f6d1215c\" src=\"https:\/\/thehoneyofsweden.jejjcop2.se\/wp-content\/uploads\/mats-olofsson-med-signatur.jpg\" alt=\"\" title=\"mats-olofsson-med-signatur\" srcset=\"https:\/\/thehoneyofsweden.jejjcop2.se\/wp-content\/uploads\/mats-olofsson-med-signatur.jpg 1200w, https:\/\/thehoneyofsweden.jejjcop2.se\/wp-content\/uploads\/mats-olofsson-med-signatur-600x300.jpg 600w, https:\/\/thehoneyofsweden.jejjcop2.se\/wp-content\/uploads\/mats-olofsson-med-signatur-300x150.jpg 300w, https:\/\/thehoneyofsweden.jejjcop2.se\/wp-content\/uploads\/mats-olofsson-med-signatur-1024x512.jpg 1024w, https:\/\/thehoneyofsweden.jejjcop2.se\/wp-content\/uploads\/mats-olofsson-med-signatur-768x384.jpg 768w\" sizes=\"auto, (max-width: 1200px) 100vw, 1200px\" \/><\/figure>\n\n<div class=\"gb-container gb-container-f5c0a286\"><div class=\"gb-inside-container\">\n<p>Mein Name ist Mats Olofsson. Ich bin der Gr\u00fcnder und CEO der Swedish Bee Company. Ich habe mein Imker-Examen an einer H\u00f6heren Berufsfachschule gemacht und besitze den Imker-Gesellenbrief.<\/p>\n\n<p>Angefangen hat alles mit der Idee, der Natur n\u00e4her zu sein. Ich belegte einen Imker-Kurs und seitdem bin ich Imker mit Leib und Seele. Die Arbeit der Bienenv\u00f6lker und die immense Bedeutung der Bienen f\u00fcr die Natur und die Best\u00e4ubung begeistern mich. Durch die Imkerei kann man fantastische Lehren aus der Natur ziehen.<\/p>\n\n<p>Zusammen mit unseren Bienen produzieren wir puren, nat\u00fcrlichen, schwedischen Honig:&nbsp;<strong>THE HONEY OF SWEDEN<\/strong>Dar\u00fcber hinaus kooperieren wir mit anderen, sorgsam ausgew\u00e4hlten schwedischen Imkern. So sind wir in der Lage, den besten Honig zu finden und k\u00f6nnen all die unterschiedlichen Arten von Honig anbieten, die unser Land repr\u00e4sentieren.<\/p>\n\n<p>Unsere Bienenst\u00f6cke sind in d\u00fcnn besiedelten Gegenden Schwedens aufgestellt, mit W\u00e4ldern, Wiesen und kleinen H\u00f6fen in einer Misch-Landschaft. Jede Honig- Ernte ist einzigartig und hat ihre eigene Farbe und ihren eigenen Geschmack. Aus diesem Grund ist der Geschmack eines Honigs immer auch der Geschmack seiner Herkunft. Wir erweisen unsere Ehre, indem wir der Natur die n\u00f6tige Zeit geben. Und die Bienen machen ihren Job, wie sie ihn schon seit Millionen von Jahren gemacht haben, bevor wir den Honig einsammeln. Dies ist langsame Technologie. Es ist Slow Food. Wir nennen es langsamen Honig.<\/p>\n\n<blockquote class=\"wp-block-quote is-style-default is-layout-flow wp-block-quote-is-layout-flow\" style=\"font-size:18px\"><p>Stellen Sie sich einen sp\u00e4t Sommerabend vor.<\/p>\n\n<p>Alles in der Natur w\u00e4chst. Man kann es sehen und h\u00f6ren.<\/p>\n\n<p>Der Abend ist lau, das Licht ist noch da und man kann den Bienen bei ihrer Arbeit zusehen.<\/p>\n\n<p>Gleichzeitig tragen die Bienen einen wichtigen Teil zu unserem \u00d6kosystem bei, von dem wir alle abh\u00e4ngig sind.<\/p><\/blockquote>\n<\/div><\/div>\n<\/div><\/div>\n<\/div><\/div><div class=\"gb-container gb-container-2fbd8aad\"><div class=\"gb-inside-container\">\n<div style=\"padding:56.25% 0 0 0;position:relative;\"><iframe src=\"https:\/\/player.vimeo.com\/video\/794417763?h=d8702b955c&amp;badge=0&amp;autopause=0&amp;player_id=0&amp;app_id=58479\" frameborder=\"0\" allow=\"autoplay; fullscreen; picture-in-picture\" allowfullscreen=\"\" style=\"position:absolute;top:0;left:0;width:100%;height:100%;\" title=\"about the honey of sweden\"><\/iframe><\/div><script src=\"https:\/\/player.vimeo.com\/api\/player.js\"><\/script>\n\n<div class=\"gb-container gb-container-b6b9931a\"><div class=\"gb-inside-container\">\n<div class=\"gb-container gb-container-f5d96236\"><div class=\"gb-inside-container\">\n<div class=\"gb-grid-wrapper gb-grid-wrapper-6c02d9a4\">\n<div class=\"gb-grid-column gb-grid-column-68788ef2\"><div class=\"gb-container gb-container-68788ef2\"><div class=\"gb-inside-container\"><\/div><\/div><\/div>\n\n<div class=\"gb-grid-column gb-grid-column-f4956db6\"><div class=\"gb-container gb-container-f4956db6\"><div class=\"gb-inside-container\">\n<p>Wir produzieren puren, nat\u00fcrlichen, schwedischen Honig. Dar\u00fcber hinaus kooperieren wir mit anderen, sorgsam ausgew\u00e4hlten schwedischen <a href=\"https:\/\/thehoneyofsweden.jejjcop2.se\/de\/beekeepers\/\">Imkern.<\/a> So sind wir in der Lage, den besten Honig zu finden und k\u00f6nnen all die unterschiedlichen Arten von Honig anbieten, die unser Land repr\u00e4sentieren.<\/p>\n\n<div class=\"gb-button-wrapper gb-button-wrapper-85ffcf47\">\n<a class=\"gb-button gb-button-5fd250f2 gb-button-text\" href=\"https:\/\/thehoneyofsweden.jejjcop2.se\/de\/products\/\">UNSER HONIG<\/a>\n<\/div>\n<\/div><\/div><\/div>\n<\/div>\n<\/div><\/div>\n<\/div><\/div>\n<\/div><\/div><div class=\"gb-container gb-container-32db31c4 gb-container-dark-blue-container\"><div class=\"gb-inside-container\">\n<div class=\"gb-grid-wrapper gb-grid-wrapper-13fa9702\">\n<div class=\"gb-grid-column gb-grid-column-b31b1a93\"><div class=\"gb-container gb-container-b31b1a93\"><div class=\"gb-inside-container\">\n<figure class=\"gb-block-image gb-block-image-d72ba12b\"><img decoding=\"async\" loading=\"lazy\" width=\"300\" height=\"188\" class=\"gb-image gb-image-d72ba12b\" src=\"https:\/\/thehoneyofsweden.jejjcop2.se\/wp-content\/uploads\/swedish-flag.png\" alt=\"\" title=\"swedish-flag\"\/><\/figure>\n<\/div><\/div><\/div>\n\n<div class=\"gb-grid-column gb-grid-column-82065a7b\"><div class=\"gb-container gb-container-82065a7b\"><div class=\"gb-inside-container\">\n<figure class=\"gb-block-image gb-block-image-a8940ea5\"><img decoding=\"async\" loading=\"lazy\" width=\"300\" height=\"200\" class=\"gb-image gb-image-a8940ea5\" src=\"https:\/\/thehoneyofsweden.jejjcop2.se\/wp-content\/uploads\/eu-flag.jpeg\" alt=\"\" title=\"eu-flag\"\/><\/figure>\n<\/div><\/div><\/div>\n\n<div class=\"gb-grid-column gb-grid-column-083ff28b\"><div class=\"gb-container gb-container-083ff28b\"><div class=\"gb-inside-container\">\n<figure class=\"gb-block-image gb-block-image-782dad17\"><img decoding=\"async\" loading=\"lazy\" width=\"300\" height=\"200\" class=\"gb-image gb-image-782dad17\" src=\"https:\/\/thehoneyofsweden.jejjcop2.se\/wp-content\/uploads\/eu-organic-flag.png\" alt=\"\" title=\"eu-organic-flag\"\/><\/figure>\n<\/div><\/div><\/div>\n<\/div>\n<\/div><\/div>","protected":false},"excerpt":{"rendered":"<p>My name is Mats Olofsson and I am the founder and CEO of Swedish Bee Company. I have an exam from a Higher Vocational College of Professional Beekeeping and a journeyman\u2019s certificate in the profession of beekeeping. It all started with an idea to get closer to nature. I took a class in beekeeping and &#8230; <a title=\"\u00dcber uns\" class=\"read-more\" href=\"https:\/\/thehoneyofsweden.jejjcop2.se\/de\/uber-uns-the-honey-of-sweden\/\" aria-label=\"Mehr Informationen \u00fcber About us\">Weiterlesen<\/a><\/p>","protected":false},"author":2,"featured_media":0,"parent":0,"menu_order":0,"comment_status":"closed","ping_status":"closed","template":"","meta":{"footnotes":""},"class_list":["post-854","page","type-page","status-publish"],"acf":[],"yoast_head":"<!-- This site is optimized with the Yoast SEO plugin v24.5 - https:\/\/yoast.com\/wordpress\/plugins\/seo\/ -->\n<title>About us - The Honey Of Sweden<\/title>\n<meta name=\"description\" content=\"Swedish Bee Company produces the highest quality honey while co-existing with nature. Founder Mats Olofsson talks about the beautiful nature of Sweden, the relationship with bees, and the philosophy of &#039;slow tech&#039;.\" \/>\n<meta name=\"robots\" content=\"noindex, follow, max-snippet:-1, max-image-preview:large, max-video-preview:-1\" \/>\n<meta property=\"og:locale\" content=\"de_DE\" \/>\n<meta property=\"og:type\" content=\"article\" \/>\n<meta property=\"og:title\" content=\"About us - The Honey Of Sweden\" \/>\n<meta property=\"og:description\" content=\"Swedish Bee Company produces the highest quality honey while co-existing with nature. Founder Mats Olofsson talks about the beautiful nature of Sweden, the relationship with bees, and the philosophy of &#039;slow tech&#039;.\" \/>\n<meta property=\"og:url\" content=\"https:\/\/thehoneyofsweden.jejjcop2.se\/de\/uber-uns-the-honey-of-sweden\/\" \/>\n<meta property=\"og:site_name\" content=\"The Honey Of Sweden\" \/>\n<meta property=\"article:modified_time\" content=\"2023-05-25T08:43:24+00:00\" \/>\n<meta property=\"og:image\" content=\"https:\/\/thehoneyofsweden.jejjcop2.se\/wp-content\/uploads\/mats-olofsson-med-signatur.jpg\" \/>\n<meta name=\"twitter:card\" content=\"summary_large_image\" \/>\n<meta name=\"twitter:label1\" content=\"Gesch\u00e4tzte Lesezeit\" \/>\n\t<meta name=\"twitter:data1\" content=\"3\u00a0Minuten\" \/>\n<script type=\"application\/ld+json\" class=\"yoast-schema-graph\">{\"@context\":\"https:\/\/schema.org\",\"@graph\":[{\"@type\":\"WebPage\",\"@id\":\"https:\/\/thehoneyofsweden.jejjcop2.se\/about-us%ef%bd%9c-the-honey-of-sweden\/\",\"url\":\"https:\/\/thehoneyofsweden.jejjcop2.se\/about-us%ef%bd%9c-the-honey-of-sweden\/\",\"name\":\"About us - The Honey Of Sweden\",\"isPartOf\":{\"@id\":\"https:\/\/thehoneyofsweden.jejjcop2.se\/#website\"},\"primaryImageOfPage\":{\"@id\":\"https:\/\/thehoneyofsweden.jejjcop2.se\/about-us%ef%bd%9c-the-honey-of-sweden\/#primaryimage\"},\"image\":{\"@id\":\"https:\/\/thehoneyofsweden.jejjcop2.se\/about-us%ef%bd%9c-the-honey-of-sweden\/#primaryimage\"},\"thumbnailUrl\":\"https:\/\/thehoneyofsweden.jejjcop2.se\/wp-content\/uploads\/mats-olofsson-med-signatur.jpg\",\"datePublished\":\"2022-10-13T10:20:48+00:00\",\"dateModified\":\"2023-05-25T08:43:24+00:00\",\"description\":\"Swedish Bee Company produces the highest quality honey while co-existing with nature. Founder Mats Olofsson talks about the beautiful nature of Sweden, the relationship with bees, and the philosophy of 'slow tech'.\",\"breadcrumb\":{\"@id\":\"https:\/\/thehoneyofsweden.jejjcop2.se\/about-us%ef%bd%9c-the-honey-of-sweden\/#breadcrumb\"},\"inLanguage\":\"de\",\"potentialAction\":[{\"@type\":\"ReadAction\",\"target\":[\"https:\/\/thehoneyofsweden.jejjcop2.se\/about-us%ef%bd%9c-the-honey-of-sweden\/\"]}]},{\"@type\":\"ImageObject\",\"inLanguage\":\"de\",\"@id\":\"https:\/\/thehoneyofsweden.jejjcop2.se\/about-us%ef%bd%9c-the-honey-of-sweden\/#primaryimage\",\"url\":\"https:\/\/thehoneyofsweden.jejjcop2.se\/wp-content\/uploads\/mats-olofsson-med-signatur.jpg\",\"contentUrl\":\"https:\/\/thehoneyofsweden.jejjcop2.se\/wp-content\/uploads\/mats-olofsson-med-signatur.jpg\"},{\"@type\":\"BreadcrumbList\",\"@id\":\"https:\/\/thehoneyofsweden.jejjcop2.se\/about-us%ef%bd%9c-the-honey-of-sweden\/#breadcrumb\",\"itemListElement\":[{\"@type\":\"ListItem\",\"position\":1,\"name\":\"Home\",\"item\":\"https:\/\/thehoneyofsweden.jejjcop2.se\/\"},{\"@type\":\"ListItem\",\"position\":2,\"name\":\"About us\"}]},{\"@type\":\"WebSite\",\"@id\":\"https:\/\/thehoneyofsweden.jejjcop2.se\/#website\",\"url\":\"https:\/\/thehoneyofsweden.jejjcop2.se\/\",\"name\":\"The Honey Of Sweden\",\"description\":\"Finest Quality Honey\",\"publisher\":{\"@id\":\"https:\/\/thehoneyofsweden.jejjcop2.se\/#organization\"},\"potentialAction\":[{\"@type\":\"SearchAction\",\"target\":{\"@type\":\"EntryPoint\",\"urlTemplate\":\"https:\/\/thehoneyofsweden.jejjcop2.se\/?s={search_term_string}\"},\"query-input\":{\"@type\":\"PropertyValueSpecification\",\"valueRequired\":true,\"valueName\":\"search_term_string\"}}],\"inLanguage\":\"de\"},{\"@type\":\"Organization\",\"@id\":\"https:\/\/thehoneyofsweden.jejjcop2.se\/#organization\",\"name\":\"The Honey Of Sweden\",\"url\":\"https:\/\/thehoneyofsweden.jejjcop2.se\/\",\"logo\":{\"@type\":\"ImageObject\",\"inLanguage\":\"de\",\"@id\":\"https:\/\/thehoneyofsweden.jejjcop2.se\/#\/schema\/logo\/image\/\",\"url\":\"https:\/\/thehoneyofsweden.jejjcop2.se\/wp-content\/uploads\/the-honey-of-sweden-logo-centered.png\",\"contentUrl\":\"https:\/\/thehoneyofsweden.jejjcop2.se\/wp-content\/uploads\/the-honey-of-sweden-logo-centered.png\",\"width\":950,\"height\":624,\"caption\":\"The Honey Of Sweden\"},\"image\":{\"@id\":\"https:\/\/thehoneyofsweden.jejjcop2.se\/#\/schema\/logo\/image\/\"},\"sameAs\":[\"https:\/\/www.instagram.com\/thehoneyofsweden\/\"]}]}<\/script>\n<!-- \/ Yoast SEO plugin. -->","yoast_head_json":{"title":"\u00dcber Uns | The Honey Of Sweden","description":"Swedish Bee Company produces the highest quality honey while co-existing with nature. Founder Mats Olofsson talks about the beautiful nature of Sweden, the relationship with bees, and the philosophy of 'slow tech'.","robots":{"index":"noindex","follow":"follow","max-snippet":"max-snippet:-1","max-image-preview":"max-image-preview:large","max-video-preview":"max-video-preview:-1"},"og_locale":"de_DE","og_type":"article","og_title":"About us - The Honey Of Sweden","og_description":"Swedish Bee Company produces the highest quality honey while co-existing with nature. Founder Mats Olofsson talks about the beautiful nature of Sweden, the relationship with bees, and the philosophy of 'slow tech'.","og_url":"https:\/\/thehoneyofsweden.jejjcop2.se\/de\/uber-uns-the-honey-of-sweden\/","og_site_name":"The Honey Of Sweden","article_modified_time":"2023-05-25T08:43:24+00:00","og_image":[{"url":"https:\/\/thehoneyofsweden.jejjcop2.se\/wp-content\/uploads\/mats-olofsson-med-signatur.jpg","type":"","width":"","height":""}],"twitter_card":"summary_large_image","twitter_misc":{"Gesch\u00e4tzte Lesezeit":"3\u00a0Minuten"},"schema":{"@context":"https:\/\/schema.org","@graph":[{"@type":"WebPage","@id":"https:\/\/thehoneyofsweden.jejjcop2.se\/about-us%ef%bd%9c-the-honey-of-sweden\/","url":"https:\/\/thehoneyofsweden.jejjcop2.se\/about-us%ef%bd%9c-the-honey-of-sweden\/","name":"\u00dcber Uns | The Honey Of Sweden","isPartOf":{"@id":"https:\/\/thehoneyofsweden.jejjcop2.se\/#website"},"primaryImageOfPage":{"@id":"https:\/\/thehoneyofsweden.jejjcop2.se\/about-us%ef%bd%9c-the-honey-of-sweden\/#primaryimage"},"image":{"@id":"https:\/\/thehoneyofsweden.jejjcop2.se\/about-us%ef%bd%9c-the-honey-of-sweden\/#primaryimage"},"thumbnailUrl":"https:\/\/thehoneyofsweden.jejjcop2.se\/wp-content\/uploads\/mats-olofsson-med-signatur.jpg","datePublished":"2022-10-13T10:20:48+00:00","dateModified":"2023-05-25T08:43:24+00:00","description":"Swedish Bee Company produces the highest quality honey while co-existing with nature. Founder Mats Olofsson talks about the beautiful nature of Sweden, the relationship with bees, and the philosophy of 'slow tech'.","breadcrumb":{"@id":"https:\/\/thehoneyofsweden.jejjcop2.se\/about-us%ef%bd%9c-the-honey-of-sweden\/#breadcrumb"},"inLanguage":"de","potentialAction":[{"@type":"ReadAction","target":["https:\/\/thehoneyofsweden.jejjcop2.se\/about-us%ef%bd%9c-the-honey-of-sweden\/"]}]},{"@type":"ImageObject","inLanguage":"de","@id":"https:\/\/thehoneyofsweden.jejjcop2.se\/about-us%ef%bd%9c-the-honey-of-sweden\/#primaryimage","url":"https:\/\/thehoneyofsweden.jejjcop2.se\/wp-content\/uploads\/mats-olofsson-med-signatur.jpg","contentUrl":"https:\/\/thehoneyofsweden.jejjcop2.se\/wp-content\/uploads\/mats-olofsson-med-signatur.jpg"},{"@type":"BreadcrumbList","@id":"https:\/\/thehoneyofsweden.jejjcop2.se\/about-us%ef%bd%9c-the-honey-of-sweden\/#breadcrumb","itemListElement":[{"@type":"ListItem","position":1,"name":"Home","item":"https:\/\/thehoneyofsweden.jejjcop2.se\/"},{"@type":"ListItem","position":2,"name":"About us"}]},{"@type":"WebSite","@id":"https:\/\/thehoneyofsweden.jejjcop2.se\/#website","url":"https:\/\/thehoneyofsweden.jejjcop2.se\/","name":"Imkerhonig online kaufen - Bio Honig -  | The Honey Of Sweden","description":"Finest Quality Honey","publisher":{"@id":"https:\/\/thehoneyofsweden.jejjcop2.se\/#organization"},"potentialAction":[{"@type":"SearchAction","target":{"@type":"EntryPoint","urlTemplate":"https:\/\/thehoneyofsweden.jejjcop2.se\/?s={search_term_string}"},"query-input":{"@type":"PropertyValueSpecification","valueRequired":true,"valueName":"search_term_string"}}],"inLanguage":"de"},{"@type":"Organization","@id":"https:\/\/thehoneyofsweden.jejjcop2.se\/#organization","name":"Imkerhonig online kaufen - Bio Honig -  | The Honey Of Sweden","url":"https:\/\/thehoneyofsweden.jejjcop2.se\/","logo":{"@type":"ImageObject","inLanguage":"de","@id":"https:\/\/thehoneyofsweden.jejjcop2.se\/#\/schema\/logo\/image\/","url":"https:\/\/thehoneyofsweden.jejjcop2.se\/wp-content\/uploads\/the-honey-of-sweden-logo-centered.png","contentUrl":"https:\/\/thehoneyofsweden.jejjcop2.se\/wp-content\/uploads\/the-honey-of-sweden-logo-centered.png","width":950,"height":624,"caption":"The Honey Of Sweden"},"image":{"@id":"https:\/\/thehoneyofsweden.jejjcop2.se\/#\/schema\/logo\/image\/"},"sameAs":["https:\/\/www.instagram.com\/thehoneyofsweden\/"]}]}},"_links":{"self":[{"href":"https:\/\/thehoneyofsweden.jejjcop2.se\/de\/wp-json\/wp\/v2\/pages\/854","targetHints":{"allow":["GET"]}}],"collection":[{"href":"https:\/\/thehoneyofsweden.jejjcop2.se\/de\/wp-json\/wp\/v2\/pages"}],"about":[{"href":"https:\/\/thehoneyofsweden.jejjcop2.se\/de\/wp-json\/wp\/v2\/types\/page"}],"author":[{"embeddable":true,"href":"https:\/\/thehoneyofsweden.jejjcop2.se\/de\/wp-json\/wp\/v2\/users\/2"}],"replies":[{"embeddable":true,"href":"https:\/\/thehoneyofsweden.jejjcop2.se\/de\/wp-json\/wp\/v2\/comments?post=854"}],"version-history":[{"count":167,"href":"https:\/\/thehoneyofsweden.jejjcop2.se\/de\/wp-json\/wp\/v2\/pages\/854\/revisions"}],"predecessor-version":[{"id":2006,"href":"https:\/\/thehoneyofsweden.jejjcop2.se\/de\/wp-json\/wp\/v2\/pages\/854\/revisions\/2006"}],"wp:attachment":[{"href":"https:\/\/thehoneyofsweden.jejjcop2.se\/de\/wp-json\/wp\/v2\/media?parent=854"}],"curies":[{"name":"wp","href":"https:\/\/api.w.org\/{rel}","templated":true}]}}