{"id":360,"date":"2022-08-29T10:34:36","date_gmt":"2022-08-29T10:34:36","guid":{"rendered":"https:\/\/thehoneyofsweden.jejjcop2.se\/?page_id=360"},"modified":"2023-06-16T16:09:08","modified_gmt":"2023-06-16T14:09:08","slug":"produkter","status":"publish","type":"page","link":"https:\/\/thehoneyofsweden.jejjcop2.se\/sv\/produkter\/","title":{"rendered":"Produkter"},"content":{"rendered":"<div class=\"gb-container gb-container-c8b3998d gb-container-dark-blue-container\"><div class=\"gb-inside-container\">\n<p class=\"gb-headline gb-headline-67ebd770 gb-headline-text\">The taste of honey is the taste of a place<\/p>\n\n<h2 class=\"gb-headline gb-headline-94ec58c2 gb-headline-text\">Pure Swedish Premium Honey<\/h2>\n\n<p>V\u00e5r honung \u00e4r en helt naturlig produkt redo att \u00e4tas direkt fr\u00e5n naturen. Ingen bearbetning bara f\u00f6rsiktigt extraherad honung mognat naturligt som bina vill och har gjort det i evigheter.<\/p>\n\n<p>Vi v\u00e4ntar p\u00e5 att bina ska avsluta sitt jobb innan de extraherar, utan att ta n\u00e5gra genv\u00e4gar. Detta tar lite extra tid men det \u00e4r v\u00e4rt det. Vissa m\u00e4nniskor kallar det l\u00e5ngsam honung. L\u00e5t naturen ta den tid den beh\u00f6ver. Den skonsamma behandlingen s\u00e4kerst\u00e4ller de olika aromerna fr\u00e5n olika typer av nektar, vilket ger dig en m\u00e5ngsidig smakupplevelse.<\/p>\n\n<p>Naturen och bin ligger oss varmt om hj\u00e4rtat. Ren luft, vatten och jord ger ren mat av h\u00f6g kvalitet \u2013 en ren naturskatt av h\u00f6gsta kvalitet som finns.<\/p>\n<\/div><\/div><div class=\"gb-container gb-container-c2c37a72 gb-container-dark-blue-container\"><div class=\"gb-inside-container\">\n<div class=\"woocommerce columns-3\"><ul class=\"products columns-3\">\n<li class=\"sales-flash-overlay woocommerce-text-align-center woocommerce-image-align-center do-quantity-buttons product type-product post-2143 status-publish first instock product_cat-uncategorized taxable shipping-taxable purchasable product-type-simple\">\n\t<a href=\"https:\/\/thehoneyofsweden.jejjcop2.se\/sv\/produkt\/pers-testprodukt\/\" class=\"woocommerce-LoopProduct-link woocommerce-loop-product__link\"><img loading=\"lazy\" decoding=\"async\" width=\"300\" height=\"300\" src=\"https:\/\/thehoneyofsweden.jejjcop2.se\/wp-content\/uploads\/woocommerce-placeholder-300x300.png\" class=\"woocommerce-placeholder wp-post-image\" alt=\"Platsh\u00e5llare\" srcset=\"https:\/\/thehoneyofsweden.jejjcop2.se\/wp-content\/uploads\/woocommerce-placeholder-300x300.png 300w, https:\/\/thehoneyofsweden.jejjcop2.se\/wp-content\/uploads\/woocommerce-placeholder-100x100.png 100w, https:\/\/thehoneyofsweden.jejjcop2.se\/wp-content\/uploads\/woocommerce-placeholder-600x600.png 600w, https:\/\/thehoneyofsweden.jejjcop2.se\/wp-content\/uploads\/woocommerce-placeholder-1024x1024.png 1024w, https:\/\/thehoneyofsweden.jejjcop2.se\/wp-content\/uploads\/woocommerce-placeholder-150x150.png 150w, https:\/\/thehoneyofsweden.jejjcop2.se\/wp-content\/uploads\/woocommerce-placeholder-768x768.png 768w, https:\/\/thehoneyofsweden.jejjcop2.se\/wp-content\/uploads\/woocommerce-placeholder-12x12.png 12w, https:\/\/thehoneyofsweden.jejjcop2.se\/wp-content\/uploads\/woocommerce-placeholder.png 1200w\" sizes=\"auto, (max-width: 300px) 100vw, 300px\" data-no-translation-alt=\"\" \/><h2 class=\"woocommerce-loop-product__title\">pers testprodukt<\/h2><div class=\"star-rating\" title=\"Inte betygsatt \u00e4n\"><span style=\"width:0%\"><strong class=\"rating\">0<\/strong> av 5<\/span><\/div>\n\t<span class=\"price\"><span class=\"woocommerce-Price-amount amount\"><bdi>1&nbsp;<span class=\"woocommerce-Price-currencySymbol\">&#107;&#114;<\/span><\/bdi><\/span><\/span>\n<\/a><a class=\"button\" href=\"https:\/\/thehoneyofsweden.jejjcop2.se\/sv\/produkt\/pers-testprodukt\/\">View Producthejsan<\/a>\t<span id=\"woocommerce_loop_add_to_cart_link_describedby_2143\" class=\"screen-reader-text\">\n\t\t\t<\/span>\n<\/li>\n<li class=\"sales-flash-overlay woocommerce-text-align-center woocommerce-image-align-center do-quantity-buttons product type-product post-2084 status-publish instock product_cat-uncategorized has-post-thumbnail taxable shipping-taxable purchasable product-type-simple\">\n\t<a href=\"https:\/\/thehoneyofsweden.jejjcop2.se\/sv\/produkt\/the-honey-of-sweden-150g\/\" class=\"woocommerce-LoopProduct-link woocommerce-loop-product__link\"><img loading=\"lazy\" decoding=\"async\" width=\"300\" height=\"300\" src=\"https:\/\/thehoneyofsweden.jejjcop2.se\/wp-content\/uploads\/TheHoney9_webshop-300x300.jpg\" class=\"attachment-woocommerce_thumbnail size-woocommerce_thumbnail\" alt=\"\" srcset=\"https:\/\/thehoneyofsweden.jejjcop2.se\/wp-content\/uploads\/TheHoney9_webshop-300x300.jpg 300w, https:\/\/thehoneyofsweden.jejjcop2.se\/wp-content\/uploads\/TheHoney9_webshop-150x150.jpg 150w, https:\/\/thehoneyofsweden.jejjcop2.se\/wp-content\/uploads\/TheHoney9_webshop-100x100.jpg 100w\" sizes=\"auto, (max-width: 300px) 100vw, 300px\" \/><h2 class=\"woocommerce-loop-product__title\">THE HONEY Of Sweden 150g<\/h2><div class=\"star-rating\" title=\"Inte betygsatt \u00e4n\"><span style=\"width:0%\"><strong class=\"rating\">0<\/strong> av 5<\/span><\/div>\n\t<span class=\"price\"><span class=\"woocommerce-Price-amount amount\"><bdi>49&nbsp;<span class=\"woocommerce-Price-currencySymbol\">&#107;&#114;<\/span><\/bdi><\/span><\/span>\n<\/a><a class=\"button\" href=\"https:\/\/thehoneyofsweden.jejjcop2.se\/sv\/produkt\/the-honey-of-sweden-150g\/\">View Producthejsan<\/a>\t<span id=\"woocommerce_loop_add_to_cart_link_describedby_2084\" class=\"screen-reader-text\">\n\t\t\t<\/span>\n<\/li>\n<li class=\"sales-flash-overlay woocommerce-text-align-center woocommerce-image-align-center do-quantity-buttons product type-product post-2036 status-publish last instock product_cat-uncategorized has-post-thumbnail taxable shipping-taxable purchasable product-type-simple\">\n\t<a href=\"https:\/\/thehoneyofsweden.jejjcop2.se\/sv\/produkt\/the-honey-of-sweden-250g\/\" class=\"woocommerce-LoopProduct-link woocommerce-loop-product__link\"><img loading=\"lazy\" decoding=\"async\" width=\"300\" height=\"300\" src=\"https:\/\/thehoneyofsweden.jejjcop2.se\/wp-content\/uploads\/TheHoney-250g-_webshop-300x300.jpg\" class=\"attachment-woocommerce_thumbnail size-woocommerce_thumbnail\" alt=\"\" srcset=\"https:\/\/thehoneyofsweden.jejjcop2.se\/wp-content\/uploads\/TheHoney-250g-_webshop-300x300.jpg 300w, https:\/\/thehoneyofsweden.jejjcop2.se\/wp-content\/uploads\/TheHoney-250g-_webshop-150x150.jpg 150w, https:\/\/thehoneyofsweden.jejjcop2.se\/wp-content\/uploads\/TheHoney-250g-_webshop-100x100.jpg 100w\" sizes=\"auto, (max-width: 300px) 100vw, 300px\" \/><h2 class=\"woocommerce-loop-product__title\">THE HONEY Of Sweden 250g<\/h2><div class=\"star-rating\" title=\"Inte betygsatt \u00e4n\"><span style=\"width:0%\"><strong class=\"rating\">0<\/strong> av 5<\/span><\/div>\n\t<span class=\"price\"><span class=\"woocommerce-Price-amount amount\"><bdi>70&nbsp;<span class=\"woocommerce-Price-currencySymbol\">&#107;&#114;<\/span><\/bdi><\/span><\/span>\n<\/a><a class=\"button\" href=\"https:\/\/thehoneyofsweden.jejjcop2.se\/sv\/produkt\/the-honey-of-sweden-250g\/\">View Producthejsan<\/a>\t<span id=\"woocommerce_loop_add_to_cart_link_describedby_2036\" class=\"screen-reader-text\">\n\t\t\t<\/span>\n<\/li>\n<li class=\"sales-flash-overlay woocommerce-text-align-center woocommerce-image-align-center do-quantity-buttons product type-product post-2082 status-publish first instock product_cat-uncategorized has-post-thumbnail taxable shipping-taxable purchasable product-type-simple\">\n\t<a href=\"https:\/\/thehoneyofsweden.jejjcop2.se\/sv\/produkt\/the-honey-of-sweden-400g\/\" class=\"woocommerce-LoopProduct-link woocommerce-loop-product__link\"><img loading=\"lazy\" decoding=\"async\" width=\"300\" height=\"300\" src=\"https:\/\/thehoneyofsweden.jejjcop2.se\/wp-content\/uploads\/TheHoney-400g_webshop-300x300.jpg\" class=\"attachment-woocommerce_thumbnail size-woocommerce_thumbnail\" alt=\"\" srcset=\"https:\/\/thehoneyofsweden.jejjcop2.se\/wp-content\/uploads\/TheHoney-400g_webshop-300x300.jpg 300w, https:\/\/thehoneyofsweden.jejjcop2.se\/wp-content\/uploads\/TheHoney-400g_webshop-150x150.jpg 150w, https:\/\/thehoneyofsweden.jejjcop2.se\/wp-content\/uploads\/TheHoney-400g_webshop-100x100.jpg 100w\" sizes=\"auto, (max-width: 300px) 100vw, 300px\" \/><h2 class=\"woocommerce-loop-product__title\">THE HONEY Of Sweden 400g<\/h2><div class=\"star-rating\" title=\"Inte betygsatt \u00e4n\"><span style=\"width:0%\"><strong class=\"rating\">0<\/strong> av 5<\/span><\/div>\n\t<span class=\"price\"><span class=\"woocommerce-Price-amount amount\"><bdi>199&nbsp;<span class=\"woocommerce-Price-currencySymbol\">&#107;&#114;<\/span><\/bdi><\/span><\/span>\n<\/a><a class=\"button\" href=\"https:\/\/thehoneyofsweden.jejjcop2.se\/sv\/produkt\/the-honey-of-sweden-400g\/\">View Producthejsan<\/a>\t<span id=\"woocommerce_loop_add_to_cart_link_describedby_2082\" class=\"screen-reader-text\">\n\t\t\t<\/span>\n<\/li>\n<\/ul>\n<\/div>\n<\/div><\/div><div class=\"gb-container gb-container-19725844 gb-container-dark-blue-container\"><div class=\"gb-inside-container\">\n<h2 class=\"gb-headline gb-headline-21f03b8b gb-headline-text\">Frequently Asked Questions about our products<\/h2>\n\n<div class=\"lightweight-accordion has-background\"><details><summary class=\"lightweight-accordion-title\" style=\"background:var(--dark-blue-bg);\"><span>Where can I find the honey?<\/span><\/summary><div class=\"lightweight-accordion-body\" style=\"border-color:var(--dark-blue-bg);\">\n<p>Here are some of the places where our honey is sold internationally. <\/p>\n\n<p>Some of the shops below offer online sales.<\/p>\n\n<div class=\"wp-block-columns is-layout-flex wp-container-core-columns-is-layout-9d6595d7 wp-block-columns-is-layout-flex\"><div class=\"wp-block-column is-layout-flow wp-block-column-is-layout-flow\"><h2 class=\"gb-headline gb-headline-abd76044 gb-headline-text\">France<\/h2>\n\n<p><a href=\"https:\/\/nordictemptations.com\/honey-of-sweden\/\">Nordic Temptations in Antibes<\/a><\/p>\n\n<p><a rel=\"noreferrer noopener\" href=\"https:\/\/www.yachtneeds.com\/manufacturer\/the-honey-of-sweden\" data-type=\"URL\" data-id=\"https:\/\/www.yachtneeds.com\/manufacturer\/the-honey-of-sweden\" target=\"_blank\">Yachtneeds<\/a><\/p>\n\n<figure class=\"gb-block-image gb-block-image-255c1073\"><img decoding=\"async\" loading=\"lazy\" width=\"300\" height=\"296\" class=\"gb-image gb-image-255c1073\" src=\"https:\/\/thehoneyofsweden.jejjcop2.se\/wp-content\/uploads\/Stamp-for-Seller-Approved-Seller--300x296.png\" alt=\"\" title=\"Stamp-for-Seller-Approved-Seller-\" srcset=\"https:\/\/thehoneyofsweden.jejjcop2.se\/wp-content\/uploads\/Stamp-for-Seller-Approved-Seller--300x296.png 300w, https:\/\/thehoneyofsweden.jejjcop2.se\/wp-content\/uploads\/Stamp-for-Seller-Approved-Seller--100x100.png 100w, https:\/\/thehoneyofsweden.jejjcop2.se\/wp-content\/uploads\/Stamp-for-Seller-Approved-Seller--600x592.png 600w, https:\/\/thehoneyofsweden.jejjcop2.se\/wp-content\/uploads\/Stamp-for-Seller-Approved-Seller--12x12.png 12w, https:\/\/thehoneyofsweden.jejjcop2.se\/wp-content\/uploads\/Stamp-for-Seller-Approved-Seller-.png 726w\" sizes=\"auto, (max-width: 300px) 100vw, 300px\" \/><\/figure><\/div>\n\n<div class=\"wp-block-column is-layout-flow wp-block-column-is-layout-flow\"><h2 class=\"gb-headline gb-headline-10ad6519 gb-headline-text\">Japan<\/h2>\n\n<p><a rel=\"noreferrer noopener\" href=\"https:\/\/www.imperialhotel.co.jp\/e\/tokyo\/hotelshop\/\" data-type=\"URL\" data-id=\"https:\/\/www.imperialhotel.co.jp\/e\/tokyo\/hotelshop\/\" target=\"_blank\">Imperial Hotel Tokyo, Gargantua<\/a><\/p>\n\n<p>Ginza Matsuya department stores<\/p>\n\n<p>Seibu Ikebukuro department stores<\/p>\n\n<p><a href=\"https:\/\/www.f-eclairer.com\/\" data-type=\"URL\" data-id=\"https:\/\/www.f-eclairer.com\/\" target=\"_blank\" rel=\"noreferrer noopener\">Fromagerie Eclair Sapporo.<\/a> <\/p>\n\n<p><a href=\"http:\/\/www.tokyodaijingu.or.jp\/english\/index_e.html\" target=\"_blank\" rel=\"noreferrer noopener\">Tokyo Daijingu<\/a><\/p>\n\n<p><a href=\"https:\/\/honeysweden.base.shop\/\" target=\"_blank\" rel=\"noreferrer noopener\">The Honey of Sweden webshop<\/a><\/p><\/div><\/div>\n\n<p><\/p>\n<\/div><\/details><\/div>\n\n<div class=\"lightweight-accordion has-background\"><details><summary class=\"lightweight-accordion-title\" style=\"background:var(--dark-blue-bg);\"><span>Is the honey organic?<\/span><\/summary><div class=\"lightweight-accordion-body\" style=\"border-color:var(--dark-blue-bg);\">\n<p>We offer organic and non-organic honey depending on the market. <\/p>\n<\/div><\/details><\/div>\n\n<div class=\"lightweight-accordion has-background\"><details><summary class=\"lightweight-accordion-title\" style=\"background:var(--dark-blue-bg);\"><span>Can I purchase The Honey of Sweden online?<\/span><\/summary><div class=\"lightweight-accordion-body\" style=\"border-color:var(--dark-blue-bg);\">\n<p><a href=\"https:\/\/thehoneyofsweden.jejjcop2.se\/sv\/products\/#:~:text=Some%20of%20the%20shops%20below%20offer%20online%20sales.\" target=\"_blank\" rel=\"noreferrer noopener\">Certain shops in different markets offer online sales.<\/a><\/p>\n<\/div><\/details><\/div>\n<\/div><\/div>","protected":false},"excerpt":{"rendered":"<p>The taste of honey is the taste of a place Pure Swedish Premium Honey Our honey is a completely natural product ready to eat straight from nature. No processing just gently extracted honey naturally matured as the bees want and have done it for ages. We wait for the bees to finish their job before &#8230; <a title=\"Produkter\" class=\"read-more\" href=\"https:\/\/thehoneyofsweden.jejjcop2.se\/sv\/produkter\/\" aria-label=\"L\u00e4s mer om Products\">L\u00e4s mer<\/a><\/p>","protected":false},"author":2,"featured_media":0,"parent":0,"menu_order":0,"comment_status":"closed","ping_status":"closed","template":"","meta":{"footnotes":""},"class_list":["post-360","page","type-page","status-publish"],"acf":[],"yoast_head":"<!-- This site is optimized with the Yoast SEO plugin v24.5 - https:\/\/yoast.com\/wordpress\/plugins\/seo\/ -->\n<title>Products - The Honey Of Sweden<\/title>\n<meta name=\"description\" content=\"Our honey is a completely natural product ready to eat straight from nature. No processing just gently extracted honey.\" \/>\n<meta name=\"robots\" content=\"noindex, follow, max-snippet:-1, max-image-preview:large, max-video-preview:-1\" \/>\n<meta property=\"og:locale\" content=\"sv_SE\" \/>\n<meta property=\"og:type\" content=\"article\" \/>\n<meta property=\"og:title\" content=\"Products - The Honey Of Sweden\" \/>\n<meta property=\"og:description\" content=\"Our honey is a completely natural product ready to eat straight from nature. No processing just gently extracted honey.\" \/>\n<meta property=\"og:url\" content=\"https:\/\/thehoneyofsweden.jejjcop2.se\/sv\/produkter\/\" \/>\n<meta property=\"og:site_name\" content=\"The Honey Of Sweden\" \/>\n<meta property=\"article:modified_time\" content=\"2023-06-16T14:09:08+00:00\" \/>\n<meta property=\"og:image\" content=\"https:\/\/thehoneyofsweden.jejjcop2.se\/wp-content\/uploads\/Stamp-for-Seller-Approved-Seller--300x296.png\" \/>\n<meta name=\"twitter:card\" content=\"summary_large_image\" \/>\n<meta name=\"twitter:label1\" content=\"Ber\u00e4knad l\u00e4stid\" \/>\n\t<meta name=\"twitter:data1\" content=\"2 minuter\" \/>\n<script type=\"application\/ld+json\" class=\"yoast-schema-graph\">{\"@context\":\"https:\/\/schema.org\",\"@graph\":[{\"@type\":\"WebPage\",\"@id\":\"https:\/\/thehoneyofsweden.jejjcop2.se\/products%ef%bd%9c-the-honey-of-sweden\/\",\"url\":\"https:\/\/thehoneyofsweden.jejjcop2.se\/products%ef%bd%9c-the-honey-of-sweden\/\",\"name\":\"Products - The Honey Of Sweden\",\"isPartOf\":{\"@id\":\"https:\/\/thehoneyofsweden.jejjcop2.se\/#website\"},\"primaryImageOfPage\":{\"@id\":\"https:\/\/thehoneyofsweden.jejjcop2.se\/products%ef%bd%9c-the-honey-of-sweden\/#primaryimage\"},\"image\":{\"@id\":\"https:\/\/thehoneyofsweden.jejjcop2.se\/products%ef%bd%9c-the-honey-of-sweden\/#primaryimage\"},\"thumbnailUrl\":\"https:\/\/thehoneyofsweden.jejjcop2.se\/wp-content\/uploads\/Stamp-for-Seller-Approved-Seller--300x296.png\",\"datePublished\":\"2022-08-29T10:34:36+00:00\",\"dateModified\":\"2023-06-16T14:09:08+00:00\",\"description\":\"Our honey is a completely natural product ready to eat straight from nature. No processing just gently extracted honey.\",\"breadcrumb\":{\"@id\":\"https:\/\/thehoneyofsweden.jejjcop2.se\/products%ef%bd%9c-the-honey-of-sweden\/#breadcrumb\"},\"inLanguage\":\"sv-SE\",\"potentialAction\":[{\"@type\":\"ReadAction\",\"target\":[\"https:\/\/thehoneyofsweden.jejjcop2.se\/products%ef%bd%9c-the-honey-of-sweden\/\"]}]},{\"@type\":\"ImageObject\",\"inLanguage\":\"sv-SE\",\"@id\":\"https:\/\/thehoneyofsweden.jejjcop2.se\/products%ef%bd%9c-the-honey-of-sweden\/#primaryimage\",\"url\":\"https:\/\/thehoneyofsweden.jejjcop2.se\/wp-content\/uploads\/Stamp-for-Seller-Approved-Seller--300x296.png\",\"contentUrl\":\"https:\/\/thehoneyofsweden.jejjcop2.se\/wp-content\/uploads\/Stamp-for-Seller-Approved-Seller--300x296.png\"},{\"@type\":\"BreadcrumbList\",\"@id\":\"https:\/\/thehoneyofsweden.jejjcop2.se\/products%ef%bd%9c-the-honey-of-sweden\/#breadcrumb\",\"itemListElement\":[{\"@type\":\"ListItem\",\"position\":1,\"name\":\"Home\",\"item\":\"https:\/\/thehoneyofsweden.jejjcop2.se\/\"},{\"@type\":\"ListItem\",\"position\":2,\"name\":\"Products\"}]},{\"@type\":\"WebSite\",\"@id\":\"https:\/\/thehoneyofsweden.jejjcop2.se\/#website\",\"url\":\"https:\/\/thehoneyofsweden.jejjcop2.se\/\",\"name\":\"The Honey Of Sweden\",\"description\":\"Finest Quality Honey\",\"publisher\":{\"@id\":\"https:\/\/thehoneyofsweden.jejjcop2.se\/#organization\"},\"potentialAction\":[{\"@type\":\"SearchAction\",\"target\":{\"@type\":\"EntryPoint\",\"urlTemplate\":\"https:\/\/thehoneyofsweden.jejjcop2.se\/?s={search_term_string}\"},\"query-input\":{\"@type\":\"PropertyValueSpecification\",\"valueRequired\":true,\"valueName\":\"search_term_string\"}}],\"inLanguage\":\"sv-SE\"},{\"@type\":\"Organization\",\"@id\":\"https:\/\/thehoneyofsweden.jejjcop2.se\/#organization\",\"name\":\"The Honey Of Sweden\",\"url\":\"https:\/\/thehoneyofsweden.jejjcop2.se\/\",\"logo\":{\"@type\":\"ImageObject\",\"inLanguage\":\"sv-SE\",\"@id\":\"https:\/\/thehoneyofsweden.jejjcop2.se\/#\/schema\/logo\/image\/\",\"url\":\"https:\/\/thehoneyofsweden.jejjcop2.se\/wp-content\/uploads\/the-honey-of-sweden-logo-centered.png\",\"contentUrl\":\"https:\/\/thehoneyofsweden.jejjcop2.se\/wp-content\/uploads\/the-honey-of-sweden-logo-centered.png\",\"width\":950,\"height\":624,\"caption\":\"The Honey Of Sweden\"},\"image\":{\"@id\":\"https:\/\/thehoneyofsweden.jejjcop2.se\/#\/schema\/logo\/image\/\"},\"sameAs\":[\"https:\/\/www.instagram.com\/thehoneyofsweden\/\"]}]}<\/script>\n<!-- \/ Yoast SEO plugin. -->","yoast_head_json":{"title":"Produkter - The Honey of Sweden","description":"V\u00e5r honung \u00e4r en helt naturlig produkt redo att \u00e4tas direkt fr\u00e5n naturen. Ingen bearbetning bara f\u00f6rsiktigt extraherad honung mognat naturligt som bina vill och har gjort det i evigheter.","robots":{"index":"noindex","follow":"follow","max-snippet":"max-snippet:-1","max-image-preview":"max-image-preview:large","max-video-preview":"max-video-preview:-1"},"og_locale":"sv_SE","og_type":"article","og_title":"Products - The Honey Of Sweden","og_description":"Our honey is a completely natural product ready to eat straight from nature. No processing just gently extracted honey.","og_url":"https:\/\/thehoneyofsweden.jejjcop2.se\/sv\/produkter\/","og_site_name":"The Honey Of Sweden","article_modified_time":"2023-06-16T14:09:08+00:00","og_image":[{"url":"https:\/\/thehoneyofsweden.jejjcop2.se\/wp-content\/uploads\/Stamp-for-Seller-Approved-Seller--300x296.png","type":"","width":"","height":""}],"twitter_card":"summary_large_image","twitter_misc":{"Ber\u00e4knad l\u00e4stid":"2 minuter"},"schema":{"@context":"https:\/\/schema.org","@graph":[{"@type":"WebPage","@id":"https:\/\/thehoneyofsweden.jejjcop2.se\/products%ef%bd%9c-the-honey-of-sweden\/","url":"https:\/\/thehoneyofsweden.jejjcop2.se\/products%ef%bd%9c-the-honey-of-sweden\/","name":"Produkter - The Honey of Sweden","isPartOf":{"@id":"https:\/\/thehoneyofsweden.jejjcop2.se\/#website"},"primaryImageOfPage":{"@id":"https:\/\/thehoneyofsweden.jejjcop2.se\/products%ef%bd%9c-the-honey-of-sweden\/#primaryimage"},"image":{"@id":"https:\/\/thehoneyofsweden.jejjcop2.se\/products%ef%bd%9c-the-honey-of-sweden\/#primaryimage"},"thumbnailUrl":"https:\/\/thehoneyofsweden.jejjcop2.se\/wp-content\/uploads\/Stamp-for-Seller-Approved-Seller--300x296.png","datePublished":"2022-08-29T10:34:36+00:00","dateModified":"2023-06-16T14:09:08+00:00","description":"V\u00e5r honung \u00e4r en helt naturlig produkt redo att \u00e4tas direkt fr\u00e5n naturen. Ingen bearbetning bara f\u00f6rsiktigt extraherad honung mognat naturligt som bina vill och har gjort det i evigheter.","breadcrumb":{"@id":"https:\/\/thehoneyofsweden.jejjcop2.se\/products%ef%bd%9c-the-honey-of-sweden\/#breadcrumb"},"inLanguage":"sv-SE","potentialAction":[{"@type":"ReadAction","target":["https:\/\/thehoneyofsweden.jejjcop2.se\/products%ef%bd%9c-the-honey-of-sweden\/"]}]},{"@type":"ImageObject","inLanguage":"sv-SE","@id":"https:\/\/thehoneyofsweden.jejjcop2.se\/products%ef%bd%9c-the-honey-of-sweden\/#primaryimage","url":"https:\/\/thehoneyofsweden.jejjcop2.se\/wp-content\/uploads\/Stamp-for-Seller-Approved-Seller--300x296.png","contentUrl":"https:\/\/thehoneyofsweden.jejjcop2.se\/wp-content\/uploads\/Stamp-for-Seller-Approved-Seller--300x296.png"},{"@type":"BreadcrumbList","@id":"https:\/\/thehoneyofsweden.jejjcop2.se\/products%ef%bd%9c-the-honey-of-sweden\/#breadcrumb","itemListElement":[{"@type":"ListItem","position":1,"name":"Home","item":"https:\/\/thehoneyofsweden.jejjcop2.se\/"},{"@type":"ListItem","position":2,"name":"Products"}]},{"@type":"WebSite","@id":"https:\/\/thehoneyofsweden.jejjcop2.se\/#website","url":"https:\/\/thehoneyofsweden.jejjcop2.se\/","name":"The Honey Of Sweden","description":"Finest Quality Honey","publisher":{"@id":"https:\/\/thehoneyofsweden.jejjcop2.se\/#organization"},"potentialAction":[{"@type":"SearchAction","target":{"@type":"EntryPoint","urlTemplate":"https:\/\/thehoneyofsweden.jejjcop2.se\/?s={search_term_string}"},"query-input":{"@type":"PropertyValueSpecification","valueRequired":true,"valueName":"search_term_string"}}],"inLanguage":"sv-SE"},{"@type":"Organization","@id":"https:\/\/thehoneyofsweden.jejjcop2.se\/#organization","name":"The Honey Of Sweden","url":"https:\/\/thehoneyofsweden.jejjcop2.se\/","logo":{"@type":"ImageObject","inLanguage":"sv-SE","@id":"https:\/\/thehoneyofsweden.jejjcop2.se\/#\/schema\/logo\/image\/","url":"https:\/\/thehoneyofsweden.jejjcop2.se\/wp-content\/uploads\/the-honey-of-sweden-logo-centered.png","contentUrl":"https:\/\/thehoneyofsweden.jejjcop2.se\/wp-content\/uploads\/the-honey-of-sweden-logo-centered.png","width":950,"height":624,"caption":"The Honey Of Sweden"},"image":{"@id":"https:\/\/thehoneyofsweden.jejjcop2.se\/#\/schema\/logo\/image\/"},"sameAs":["https:\/\/www.instagram.com\/thehoneyofsweden\/"]}]}},"_links":{"self":[{"href":"https:\/\/thehoneyofsweden.jejjcop2.se\/sv\/wp-json\/wp\/v2\/pages\/360","targetHints":{"allow":["GET"]}}],"collection":[{"href":"https:\/\/thehoneyofsweden.jejjcop2.se\/sv\/wp-json\/wp\/v2\/pages"}],"about":[{"href":"https:\/\/thehoneyofsweden.jejjcop2.se\/sv\/wp-json\/wp\/v2\/types\/page"}],"author":[{"embeddable":true,"href":"https:\/\/thehoneyofsweden.jejjcop2.se\/sv\/wp-json\/wp\/v2\/users\/2"}],"replies":[{"embeddable":true,"href":"https:\/\/thehoneyofsweden.jejjcop2.se\/sv\/wp-json\/wp\/v2\/comments?post=360"}],"version-history":[{"count":126,"href":"https:\/\/thehoneyofsweden.jejjcop2.se\/sv\/wp-json\/wp\/v2\/pages\/360\/revisions"}],"predecessor-version":[{"id":2103,"href":"https:\/\/thehoneyofsweden.jejjcop2.se\/sv\/wp-json\/wp\/v2\/pages\/360\/revisions\/2103"}],"wp:attachment":[{"href":"https:\/\/thehoneyofsweden.jejjcop2.se\/sv\/wp-json\/wp\/v2\/media?parent=360"}],"curies":[{"name":"wp","href":"https:\/\/api.w.org\/{rel}","templated":true}]}}